{"id":1867,"date":"2025-06-24T13:08:06","date_gmt":"2025-06-24T13:08:06","guid":{"rendered":"https:\/\/tartufi-istra.com\/datenschutzerklaerung\/"},"modified":"2025-06-30T12:06:51","modified_gmt":"2025-06-30T12:06:51","slug":"datenschutzerklaerung","status":"publish","type":"page","link":"https:\/\/tartufi-istra.com\/de\/datenschutzerklaerung\/","title":{"rendered":"Datenschutzerkl\u00e4rung"},"content":{"rendered":"<p>[et_pb_section fb_built=&#8220;1&#8243; _builder_version=&#8220;4.27.4&#8243; _module_preset=&#8220;default&#8220; global_colors_info=&#8220;{}&#8220;][et_pb_row _builder_version=&#8220;4.27.4&#8243; _module_preset=&#8220;default&#8220; global_colors_info=&#8220;{}&#8220;][et_pb_column type=&#8220;4_4&#8243; _builder_version=&#8220;4.27.4&#8243; _module_preset=&#8220;default&#8220; global_colors_info=&#8220;{}&#8220;][et_pb_text _builder_version=&#8220;4.27.4&#8243; _module_preset=&#8220;default&#8220; text_text_color=&#8220;#000000&#8243; link_text_color=&#8220;#D1B77B&#8220; header_text_color=&#8220;#000000&#8243; header_line_height=&#8220;2em&#8220; hover_enabled=&#8220;0&#8243; global_colors_info=&#8220;{}&#8220; sticky_enabled=&#8220;0&#8243;]<\/p>\n<h1>Datenschutzerkl\u00e4rung<\/h1>\n<p><strong>Wer wir sind<\/strong><\/p>\n<p><strong>TARTUFI ISTRA<\/strong> \u2013 Gewerbe f\u00fcr den Handel mit frischen Tr\u00fcffeln und Tr\u00fcffelprodukten, Matka Trinajsti\u0107a 3A, 52420 Buzet.<br \/>Die Adresse unserer Website lautet: www.tartufi-istra.com.<\/p>\n<p><strong>Methode zum Schutz personenbezogener Daten<\/strong><\/p>\n<p>Wir ergreifen alle notwendigen Ma\u00dfnahmen, um die Benutzerdaten auf unseren Seiten zu sch\u00fctzen. Vertrauliche Daten werden sowohl online als auch offline gesch\u00fctzt. Wenn unsere Formulare vertrauliche Daten erfordern, werden diese Daten verschl\u00fcsselt und durch ein Sicherheitsprotokoll (SSL) gesch\u00fctzt. Webbrowser wie Internet Explorer, Google Chrome oder Firefox kennzeichnen die Sicherheit der Seiten mit einem Schlosssymbol. Wenn das Schloss auf dem Symbol geschlossen ist, befinden Sie sich auf einer gesch\u00fctzten Seite. Wir verwenden SSL-Verschl\u00fcsselung, um Benutzerdaten im Internet zu sch\u00fctzen, und tun alles in unserer Macht Stehende, um die Daten auch offline zu sch\u00fctzen. Der Zugriff auf alle Daten unserer Benutzer ist eingeschr\u00e4nkt. Nur Mitarbeiter, die diese Daten ben\u00f6tigen, um bestimmte Dienstleistungen zu erbringen, haben Zugang zu vertraulichen Daten. F\u00fcr alle zus\u00e4tzlichen Fragen zur Sicherheit auf unseren Webseiten k\u00f6nnen Sie eine E-Mail an web-shop@tartufi-istra.com senden.        <\/p>\n<p><strong>Erhebung personenbezogener Daten<\/strong><\/p>\n<p>Tartufi Istra verpflichtet sich, den Schutz der personenbezogenen Daten der Kunden zu gew\u00e4hrleisten, indem nur die notwendigen, grundlegenden Daten \u00fcber Kunden\/Benutzer erhoben werden, die f\u00fcr die Erf\u00fcllung unserer Verpflichtungen erforderlich sind; die Kunden \u00fcber die Art der Verwendung der erhobenen Daten informiert werden; den Kunden regelm\u00e4\u00dfig die M\u00f6glichkeit gegeben wird, \u00fcber die Verwendung ihrer Daten zu entscheiden, einschlie\u00dflich der M\u00f6glichkeit zu entscheiden, ob sie m\u00f6chten, dass ihr Name von den f\u00fcr Marketingkampagnen verwendeten Listen entfernt wird oder nicht. Alle Benutzerdaten werden streng vertraulich behandelt und sind nur den Mitarbeitern zug\u00e4nglich, die diese Daten zur Ausf\u00fchrung ihrer Arbeit ben\u00f6tigen. Alle Mitarbeiter von Tartufi Istra und Gesch\u00e4ftspartner sind f\u00fcr die Einhaltung der Grunds\u00e4tze des Datenschutzes verantwortlich.  <\/p>\n<p><strong>Registrierung<\/strong><\/p>\n<p>Um eine Reservierung vorzunehmen oder eine Anfrage auf unseren Webseiten zu senden, muss der Benutzer zuvor einen Registrierungsfragebogen ausf\u00fcllen und die Registrierung durchf\u00fchren. W\u00e4hrend der Registrierung werden Kontaktinformationen (wie Name und E-Mail-Adresse) vom Benutzer angefordert. Diese Informationen werden verwendet, um mit dem Benutzer in Kontakt zu treten, wenn auf Fragen geantwortet wird, die auf unseren Webseiten gestellt wurden. Au\u00dferdem gew\u00e4hrleisten die Daten die Privatsph\u00e4re des Benutzers bei der Kontrolle der Eingabe oder \u00c4nderung von Daten.   <\/p>\n<p><strong>\u00c4nderung personenbezogener Daten<\/strong><\/p>\n<p>Wenn sich die pers\u00f6nlichen Daten des Benutzers \u00e4ndern oder der Benutzer unseren Service nicht mehr w\u00fcnscht, erm\u00f6glichen wir die Korrektur, Aktualisierung oder Entfernung der Benutzerdaten, die wir besitzen. Der Benutzer kann dies auf der Webseite \u201eMein Konto\u201c oder durch Senden einer E-Mail an die Adresse: web-shop@tartufi-istra.com durchf\u00fchren. <\/p>\n<p><strong>Benachrichtigungen \u00fcber \u00c4nderungen<\/strong><\/p>\n<p>Wenn wir beschlie\u00dfen, unsere Datenschutzrichtlinien zu \u00e4ndern, werden wir dies auf der Startseite unserer Webseiten bekannt geben. Benutzer werden immer dar\u00fcber informiert, welche Daten wir sammeln, wie wir die gesammelten Daten verwenden und unter welchen Umst\u00e4nden wir m\u00f6glicherweise pers\u00f6nliche Daten offenlegen. Wenn wir zu irgendeinem Zeitpunkt beschlie\u00dfen, die pers\u00f6nlichen Daten des Benutzers auf eine andere Weise zu verwenden als zum Zeitpunkt ihrer Erhebung angegeben, werden wir den Benutzern eine E-Mail senden. Benutzer haben die M\u00f6glichkeit, die Verwendung der Daten auf neue Weise zu genehmigen oder abzulehnen. Wir werden die Daten in \u00dcbereinstimmung mit den zum Zeitpunkt der Erhebung der Benutzerdaten geltenden Datenschutzrichtlinien verwenden.    <\/p>\n<p>&nbsp;<\/p>\n<p><strong>Cookies<\/strong><\/p>\n<p>Ein Cookie ist ein Teil der Informationen, die auf Ihrem Computer, Mobiltelefon oder Tablet gespeichert werden und die direkt von der von Ihnen besuchten Website (Erstanbieter-Cookies) oder in Zusammenarbeit mit und f\u00fcr die Zwecke der Website von Drittanbietern (Drittanbieter-Cookies) geliefert werden k\u00f6nnen. Cookies speichern in der Regel Ihre Einstellungen, Website-Einstellungen usw. Wenn Sie die Website erneut \u00f6ffnen, sendet Ihr Internetbrowser die zu dieser Website geh\u00f6renden Cookies zur\u00fcck. Dies erm\u00f6glicht es der Seite, Informationen anzuzeigen, die auf Ihre Bed\u00fcrfnisse zugeschnitten sind. Cookies k\u00f6nnen eine breite Palette von Informationen enthalten, einschlie\u00dflich eines Teils pers\u00f6nlicher Informationen. Solche Informationen k\u00f6nnen nur gespeichert werden, wenn Sie dies zulassen. Die Website selbst kann nicht auf Informationen zugreifen, die Sie ihr nicht gegeben haben, und kann auch nicht auf andere Dateien auf Ihrem Computer zugreifen.      <\/p>\n<p><strong>Wie deaktiviert man sie?<\/strong><\/p>\n<p>Wenn Sie die Speicherung von Cookies auf Ihrem Computer deaktivieren m\u00f6chten, k\u00f6nnen Sie dies tun. Der Akt des Blockierens k\u00f6nnte sich negativ auf die Nutzung der Website auswirken. Um Cookies zu deaktivieren, m\u00fcssen Sie die Einstellungen und Konfigurationen Ihres Internetbrowsers anpassen. W\u00e4hlen Sie im Browsermen\u00fc die Hilfe und Informationen zu Cookies und folgen Sie den Anweisungen.   <\/p>\n<p><strong>Was sind tempor\u00e4re Cookies?<\/strong><\/p>\n<p>Tempor\u00e4re Cookies oder Sitzungs-Cookies werden vom Computer entfernt, wenn der Internetbrowser geschlossen wird. Websites verwenden sie, um tempor\u00e4re Daten zu speichern. <\/p>\n<p><strong>Was sind permanente Cookies?<\/strong><\/p>\n<p>Permanente oder gespeicherte Cookies bleiben auf dem Computer, nachdem das Internetbrowser-Programm geschlossen wurde. Websites verwenden sie, um Daten wie Anmeldenamen und Passw\u00f6rter zu speichern, sodass Sie sich nicht bei jedem Besuch einer bestimmten Seite anmelden m\u00fcssen. <\/p>\n<p><strong>Datenschutzerkl\u00e4rung<\/strong><\/p>\n<p>Diese Regeln bestimmen und regulieren, wie der Verk\u00e4ufer alle Informationen verwendet und sch\u00fctzt, die Kunden ihm zur Verf\u00fcgung stellen, wenn sie die Website karlictartufi.shop nutzen.<\/p>\n<p>Ein personenbezogenes Datum ist jede Information, die sich auf eine bestimmte nat\u00fcrliche Person oder eine bestimmbare nat\u00fcrliche Person bezieht. Konkret gelten als personenbezogene Daten alle Daten, mit denen die Identit\u00e4t des Kunden festgestellt wird (zum Beispiel Name und Nachname, E-Mail-Adresse, Wohnadresse usw.). <\/p>\n<p>Die Verarbeitung personenbezogener Daten ist jede Handlung oder Reihe von Handlungen, die an personenbezogenen Daten durchgef\u00fchrt werden, ob automatisch oder nicht, wie das Sammeln, Aufzeichnen, Organisieren, Speichern, Anpassen oder \u00c4ndern, Abrufen, Einsehen, Verwenden, Offenlegen durch \u00dcbermittlung, Verbreiten oder anderweitige Zug\u00e4nglichmachung, Abgleichen oder Kombinieren, Sperren, L\u00f6schen oder Vernichten, sowie die Durchf\u00fchrung logischer, mathematischer und anderer Operationen mit diesen Daten.<\/p>\n<p>Durch die Registrierung auf der Website karlictartufi.shop, den Kauf als Gast oder den Zugriff auf die Seite selbst erkl\u00e4rt sich der Kunde damit einverstanden, dass der Verk\u00e4ufer seine im Registrierungsformular angegebenen personenbezogenen Daten sowie Daten \u00fcber Bestellungen, Daten, die im Zahlungsprozess verf\u00fcgbar sind, und andere Daten verarbeitet. Diese Daten werden zum Zweck des Vertragsabschlusses, zur Kenntnis des Verk\u00e4ufers \u00fcber die Kaufgewohnheiten der Kunden sowie zu Informations- und Werbezwecken f\u00fcr die Dienstleistungen und Produkte des Verk\u00e4ufers verwendet. Der Verk\u00e4ufer verpflichtet sich, die Privatsph\u00e4re der personenbezogenen Daten aller Kunden zu wahren und mit diesen in \u00dcbereinstimmung mit dem Gesetz zum Schutz personenbezogener Daten bzw. anderen anwendbaren Vorschriften umzugehen.  <\/p>\n<p>Alle oben genannten personenbezogenen Daten darf der Verk\u00e4ufer nicht unbefugt verwenden oder Dritten zug\u00e4nglich machen, au\u00dfer in F\u00e4llen, in denen dies durch ein besonderes Gesetz erlaubt ist oder zur Erf\u00fcllung vertraglicher Verpflichtungen erforderlich ist.<\/p>\n<p>Wir verpflichten uns, den Schutz der personenbezogenen Daten der Kunden zu gew\u00e4hrleisten, indem wir nur die notwendigen, grundlegenden Daten \u00fcber Kunden\/Benutzer erheben, die f\u00fcr die Erf\u00fcllung unserer Verpflichtungen erforderlich sind; die Kunden \u00fcber die Art der Verwendung der erhobenen Daten informieren; den Kunden regelm\u00e4\u00dfig die M\u00f6glichkeit geben, \u00fcber die Verwendung ihrer Daten zu entscheiden, einschlie\u00dflich der M\u00f6glichkeit zu entscheiden, ob sie m\u00f6chten, dass ihr Name von den f\u00fcr Marketingkampagnen verwendeten Listen entfernt wird oder nicht.<\/p>\n<p>Alle Benutzerdaten werden streng vertraulich behandelt und sind nur den Mitarbeitern zug\u00e4nglich, die diese Daten zur Ausf\u00fchrung ihrer Arbeit ben\u00f6tigen. Alle unsere Mitarbeiter und Gesch\u00e4ftspartner sind f\u00fcr die Einhaltung der Grunds\u00e4tze des Datenschutzes verantwortlich. <\/p>\n<p>Im Falle einer \u00c4nderung eines der personenbezogenen Daten (z.B. Wohnort, Lieferadresse), die bei der Registrierung erfasst werden, ist der Kunde verpflichtet, den Verk\u00e4ufer \u00fcber die \u00c4nderung per E-Mail an web-shop@tartufi-istra.com zu informieren. Falls der Kunde nicht mehr m\u00f6chte, dass der Verk\u00e4ufer seine Daten in irgendeiner Weise verarbeitet, und die L\u00f6schung seiner Daten verlangt, muss er dies dem Verk\u00e4ufer per E-Mail an die Adresse web-shop@tartufi-istra.com mitteilen.<\/p>\n<p><a href=\"https:\/\/tartufi-istra.com\/\">www.tartufi-istra.com<\/a><span> <\/span> verwendet \u201eCookie\u201c-Programme als Sitzungsidentifikator, d.h. der \u201eCookie\u201c enth\u00e4lt eine sogenannte \u201eSession-ID\u201c, um sicherzustellen, dass der Webshop w\u00e4hrend der Dauer der Sitzung den Internetbrowser (Browser) des Kunden und damit den Kunden selbst erkennt und sich merkt, und so den Kauf erm\u00f6glicht. <\/p>\n<p>Um den Besuch dieser Website so angenehm, funktional und praktisch wie m\u00f6glich zu gestalten, speichert diese Website eine bestimmte Menge an Informationen, sogenannte Cookies, auf Ihrem Computer. Diese dienen dazu, dass die Website optimal funktioniert und um Ihr Browsing- und Nutzungserlebnis zu verbessern. Durch den Besuch und die Nutzung dieser Website stimmen Sie der Verwendung von Cookies zu, die auch blockiert werden k\u00f6nnen. Danach k\u00f6nnen Sie die Website weiterhin durchsuchen, aber einige Funktionen werden m\u00f6glicherweise nicht verf\u00fcgbar sein.   <\/p>\n<p><strong>Online-Streitbeilegung<\/strong><\/p>\n<p>Durch eine spezielle EU-Verordnung ist es seit dem 15.2.2016 in der gesamten EU m\u00f6glich, Streitigkeiten im Zusammenhang mit Online-K\u00e4ufen \u00fcber eine Plattform zu l\u00f6sen, auf die Sie hier zugreifen k\u00f6nnen. <\/p>\n<p>Das bedeutet, wenn Sie w\u00e4hrend eines Online-Kaufs innerhalb der EU auf ein Problem sto\u00dfen (fehlerhaftes Produkt, keine M\u00f6glichkeit zum Produktaustausch usw.), k\u00f6nnen Sie Ihre Beschwerde \u00fcber den obigen Link einreichen.<\/p>\n<p>Die Plattform kann sowohl von Verbrauchern als auch von H\u00e4ndlern genutzt werden, und die Beschwerde kann in jeder der 23 offiziellen EU-Sprachen eingereicht werden.<\/p>\n<p>[\/et_pb_text][\/et_pb_column][\/et_pb_row][\/et_pb_section]<\/p>\n","protected":false},"excerpt":{"rendered":"<p>Datenschutzerkl\u00e4rung Wer wir sind TARTUFI ISTRA \u2013 Gewerbe f\u00fcr den Handel mit frischen Tr\u00fcffeln und Tr\u00fcffelprodukten, Matka Trinajsti\u0107a 3A, 52420 Buzet.Die Adresse unserer Website lautet: www.tartufi-istra.com. Methode zum Schutz personenbezogener Daten Wir ergreifen alle notwendigen Ma\u00dfnahmen, um die Benutzerdaten auf unseren Seiten zu sch\u00fctzen. Vertrauliche Daten werden sowohl online als auch offline gesch\u00fctzt. Wenn unsere&hellip;<\/p>\n","protected":false},"author":1,"featured_media":0,"parent":0,"menu_order":0,"comment_status":"closed","ping_status":"closed","template":"","meta":{"_et_pb_use_builder":"on","_et_pb_old_content":"","_et_gb_content_width":"","footnotes":""},"class_list":["post-1867","page","type-page","status-publish","hentry"],"aioseo_notices":[],"_links":{"self":[{"href":"https:\/\/tartufi-istra.com\/de\/wp-json\/wp\/v2\/pages\/1867","targetHints":{"allow":["GET"]}}],"collection":[{"href":"https:\/\/tartufi-istra.com\/de\/wp-json\/wp\/v2\/pages"}],"about":[{"href":"https:\/\/tartufi-istra.com\/de\/wp-json\/wp\/v2\/types\/page"}],"author":[{"embeddable":true,"href":"https:\/\/tartufi-istra.com\/de\/wp-json\/wp\/v2\/users\/1"}],"replies":[{"embeddable":true,"href":"https:\/\/tartufi-istra.com\/de\/wp-json\/wp\/v2\/comments?post=1867"}],"version-history":[{"count":0,"href":"https:\/\/tartufi-istra.com\/de\/wp-json\/wp\/v2\/pages\/1867\/revisions"}],"wp:attachment":[{"href":"https:\/\/tartufi-istra.com\/de\/wp-json\/wp\/v2\/media?parent=1867"}],"curies":[{"name":"wp","href":"https:\/\/api.w.org\/{rel}","templated":true}]}}