{"id":1887,"date":"2025-06-20T08:37:42","date_gmt":"2025-06-20T08:37:42","guid":{"rendered":"https:\/\/tartufi-istra.com\/gerichte-mit-trueffeln\/ravioli-mit-trueffeln\/"},"modified":"2025-06-30T12:08:13","modified_gmt":"2025-06-30T12:08:13","slug":"ravioli-mit-trueffeln","status":"publish","type":"page","link":"https:\/\/tartufi-istra.com\/de\/gerichte-mit-trueffeln\/ravioli-mit-trueffeln\/","title":{"rendered":"RAVIOLI MIT TR\u00dcFFELN"},"content":{"rendered":"<p>[et_pb_section fb_built=&#8220;1&#8243; _builder_version=&#8220;4.27.4&#8243; _module_preset=&#8220;default&#8220; background_color=&#8220;#000000&#8243; height=&#8220;350px&#8220; custom_css_main_element=&#8220;display: flex;||  justify-content: center;  \/* horizontal *\/||  align-items: center; &#8220; global_colors_info=&#8220;{}&#8220;][et_pb_row make_equal=&#8220;on&#8220; _builder_version=&#8220;4.27.4&#8243; _module_preset=&#8220;default&#8220; custom_css_main_element=&#8220;align-items: center;&#8220; global_colors_info=&#8220;{}&#8220;][et_pb_column type=&#8220;4_4&#8243; _builder_version=&#8220;4.27.4&#8243; _module_preset=&#8220;default&#8220; global_colors_info=&#8220;{}&#8220;][et_pb_text _builder_version=&#8220;4.27.4&#8243; _module_preset=&#8220;default&#8220; text_text_color=&#8220;#FFFFFF&#8220; text_font_size=&#8220;16px&#8220; header_font=&#8220;Times New Roman||||||||&#8220; header_text_align=&#8220;center&#8220; header_text_color=&#8220;#FFFFFF&#8220; header_font_size=&#8220;3em&#8220; header_3_font=&#8220;|300|||||||&#8220; header_3_text_align=&#8220;center&#8220; header_3_text_color=&#8220;#000000&#8243; header_3_font_size=&#8220;32px&#8220; header_6_font=&#8220;Kaushan Script||||||||&#8220; header_6_text_align=&#8220;center&#8220; header_6_text_color=&#8220;#D1B77B&#8220; header_6_font_size=&#8220;18px&#8220; text_orientation=&#8220;center&#8220; global_colors_info=&#8220;{}&#8220;]<\/p>\n<h6>Tr\u00fcffel Istrien<\/h6>\n<h1>RAVIOLI MIT TR\u00dcFFELN<\/h1>\n<p>[\/et_pb_text][\/et_pb_column][\/et_pb_row][\/et_pb_section][et_pb_section fb_built=&#8220;1&#8243; _builder_version=&#8220;4.27.4&#8243; _module_preset=&#8220;default&#8220; global_colors_info=&#8220;{}&#8220;][et_pb_row _builder_version=&#8220;4.27.4&#8243; _module_preset=&#8220;default&#8220; global_colors_info=&#8220;{}&#8220;][et_pb_column type=&#8220;4_4&#8243; _builder_version=&#8220;4.27.4&#8243; _module_preset=&#8220;default&#8220; global_colors_info=&#8220;{}&#8220;][et_pb_text _builder_version=&#8220;4.27.4&#8243; _module_preset=&#8220;default&#8220; text_text_color=&#8220;#232323&#8243; text_font_size=&#8220;16px&#8220; header_3_font=&#8220;||||||||&#8220; header_3_text_align=&#8220;center&#8220; header_3_text_color=&#8220;#000000&#8243; header_3_font_size=&#8220;28px&#8220; header_6_font=&#8220;Kaushan Script||||||||&#8220; header_6_font_size=&#8220;18px&#8220; text_orientation=&#8220;center&#8220; global_colors_info=&#8220;{}&#8220;]<\/p>\n<h3>RAVIOLI MIT TR\u00dcFFELN<\/h3>\n<p data-start=\"1596\" data-end=\"1918\">Ravioli mit Tr\u00fcffeln repr\u00e4sentieren perfekt die exquisite K\u00fcche Istriens, in der hausgemachte Pasta und die edlen Aromen der Tr\u00fcffel verschmelzen. Die reichhaltige und cremige F\u00fcllung der Ravioli, \u00fcbergossen mit einer aromatischen Tr\u00fcffelsauce, bietet eine perfekte Balance zwischen Textur und Geschmack. Dieses Gericht ist die ideale Wahl f\u00fcr alle Tr\u00fcffelliebhaber, die den authentischen gastronomischen Zauber Istriens erleben m\u00f6chten.  <\/p>\n<p data-start=\"1920\" data-end=\"1946\">\n<p>[\/et_pb_text][\/et_pb_column][\/et_pb_row][\/et_pb_section][et_pb_section fb_built=&#8220;1&#8243; _builder_version=&#8220;4.27.4&#8243; _module_preset=&#8220;default&#8220; background_color=&#8220;#FAFAFA&#8220; background_enable_image=&#8220;off&#8220; global_colors_info=&#8220;{}&#8220;][et_pb_row column_structure=&#8220;1_2,1_2&#8243; make_equal=&#8220;on&#8220; _builder_version=&#8220;4.27.4&#8243; _module_preset=&#8220;default&#8220; width=&#8220;85%&#8220; max_width=&#8220;85%&#8220; custom_css_main_element=&#8220;align-items:center;&#8220; global_colors_info=&#8220;{}&#8220;][et_pb_column type=&#8220;1_2&#8243; _builder_version=&#8220;4.27.4&#8243; _module_preset=&#8220;default&#8220; global_colors_info=&#8220;{}&#8220;][et_pb_text _builder_version=&#8220;4.27.4&#8243; _module_preset=&#8220;default&#8220; text_text_color=&#8220;#232323&#8243; text_font_size=&#8220;16px&#8220; header_3_font=&#8220;||||||||&#8220; header_3_text_color=&#8220;#000000&#8243; header_3_font_size=&#8220;28px&#8220; header_6_font=&#8220;Kaushan Script||||||||&#8220; header_6_font_size=&#8220;18px&#8220; global_colors_info=&#8220;{}&#8220;]<\/p>\n<p data-start=\"487\" data-end=\"513\"><strong data-start=\"487\" data-end=\"513\">Zutaten (f\u00fcr 2 Personen):<\/strong><\/p>\n<p data-start=\"515\" data-end=\"528\"><strong><em data-start=\"515\" data-end=\"528\">F\u00fcr den Teig:<\/em><\/strong><\/p>\n<ul data-start=\"529\" data-end=\"577\">\n<li data-start=\"529\" data-end=\"551\">\n<p data-start=\"531\" data-end=\"551\">200 g Weizenmehl (Type 405)<\/p>\n<\/li>\n<li data-start=\"552\" data-end=\"560\">\n<p data-start=\"554\" data-end=\"560\">2 Eier<\/p>\n<\/li>\n<li data-start=\"561\" data-end=\"577\">\n<p data-start=\"563\" data-end=\"577\">Eine Prise Salz<\/p>\n<\/li>\n<\/ul>\n<p data-start=\"579\" data-end=\"591\"><strong><em data-start=\"579\" data-end=\"591\">F\u00fcr die F\u00fcllung:<\/em><\/strong><\/p>\n<ul data-start=\"592\" data-end=\"703\">\n<li data-start=\"592\" data-end=\"612\">\n<p data-start=\"594\" data-end=\"612\">150 g Ricotta<\/p>\n<\/li>\n<li data-start=\"613\" data-end=\"637\">\n<p data-start=\"615\" data-end=\"637\">50 g geriebener Parmesan<\/p>\n<\/li>\n<li data-start=\"638\" data-end=\"650\">\n<p data-start=\"640\" data-end=\"650\">1 Eigelb<\/p>\n<\/li>\n<li data-start=\"651\" data-end=\"680\">\n<p data-start=\"653\" data-end=\"680\">5 g frisch geriebene Tr\u00fcffel<\/p>\n<\/li>\n<li data-start=\"681\" data-end=\"703\">\n<p data-start=\"683\" data-end=\"703\">Salz und Pfeffer nach Geschmack<\/p>\n<\/li>\n<\/ul>\n<p data-start=\"705\" data-end=\"715\"><strong><em data-start=\"705\" data-end=\"715\">F\u00fcr die Sauce:<\/em><\/strong><\/p>\n<ul data-start=\"716\" data-end=\"870\">\n<li data-start=\"716\" data-end=\"745\">\n<p data-start=\"718\" data-end=\"745\">2 EL Tr\u00fcffelbutter<\/p>\n<\/li>\n<li data-start=\"746\" data-end=\"771\">\n<p data-start=\"748\" data-end=\"771\">50 ml Sahne<\/p>\n<\/li>\n<li data-start=\"772\" data-end=\"794\">\n<p data-start=\"774\" data-end=\"794\">10 g frische Tr\u00fcffel<\/p>\n<\/li>\n<li data-start=\"795\" data-end=\"819\">\n<p data-start=\"797\" data-end=\"819\">Salz und Pfeffer nach Bedarf<\/p>\n<\/li>\n<li data-start=\"820\" data-end=\"870\">\n<p data-start=\"822\" data-end=\"870\">Zus\u00e4tzlich frisch geriebener Parmesan zum Servieren<\/p>\n<\/li>\n<\/ul>\n<p data-start=\"872\" data-end=\"885\"><strong data-start=\"872\" data-end=\"885\">Zubereitung:<\/strong><\/p>\n<ol>\n<li data-start=\"890\" data-end=\"1104\"><strong data-start=\"890\" data-end=\"911\">Zubereitung des Teigs:<\/strong> Formen Sie auf der Arbeitsfl\u00e4che einen H\u00fcgel aus Mehl und machen Sie eine Mulde in der Mitte. Geben Sie die Eier und eine Prise Salz hinzu und kneten Sie einen glatten Teig. Wickeln Sie ihn in Folie und lassen Sie ihn 30 Minuten ruhen.  <\/li>\n<li data-start=\"1109\" data-end=\"1255\"><strong data-start=\"1109\" data-end=\"1130\">Zubereitung der F\u00fcllung:<\/strong> Mischen Sie in einer Sch\u00fcssel Ricotta, geriebenen Parmesan, Eigelb, geriebene Tr\u00fcffel, Salz und Pfeffer. Die Mischung sollte glatt und kompakt sein. <\/li>\n<li data-start=\"1260\" data-end=\"1492\"><strong data-start=\"1260\" data-end=\"1279\">Herstellung der Ravioli:<\/strong> Rollen Sie den Teig auf einer bemehlten Fl\u00e4che d\u00fcnn aus. Geben Sie auf eine H\u00e4lfte des Teigs l\u00f6ffelweise F\u00fcllung, bedecken Sie diese mit der anderen Teigh\u00e4lfte, dr\u00fccken Sie vorsichtig um die F\u00fcllung herum, um Luft zu entfernen, und schneiden Sie die Ravioli mit einem Ravioliausstecher aus. <\/li>\n<li data-start=\"1497\" data-end=\"1550\">Kochen Sie die Ravioli in kochendem Salzwasser f\u00fcr 3-4 Minuten.<\/li>\n<li data-start=\"1555\" data-end=\"1710\"><strong data-start=\"1555\" data-end=\"1574\">Zubereitung der Sauce:<\/strong> Erhitzen Sie die Tr\u00fcffelbutter und die Sahne in einer Pfanne bei niedriger Hitze. F\u00fcgen Sie frisch geriebene Tr\u00fcffel hinzu, r\u00fchren Sie kurz um und w\u00fcrzen Sie nach Geschmack. <\/li>\n<li data-start=\"1715\" data-end=\"1798\">Geben Sie die abgetropften Ravioli direkt in die Sauce und schwenken Sie sie vorsichtig, damit alles gut vermischt wird.<\/li>\n<li data-start=\"1803\" data-end=\"1885\">Servieren Sie sofort, garniert mit geriebenem Parmesan und frischen Tr\u00fcffelbl\u00e4ttchen.<\/li>\n<\/ol>\n<p data-start=\"1887\" data-end=\"2087\"><strong data-start=\"1887\" data-end=\"1914\">Serviertipp:<\/strong><br data-start=\"1914\" data-end=\"1917\">Dieses raffinierte Gericht kommt am besten mit einem Glas istrischer Malvasia oder Sekt zur Geltung. Es ist wichtig, m\u00f6glichst frische Tr\u00fcffel zu verwenden, um das maximale Aroma zu erzielen. <\/p>\n<p>[\/et_pb_text][\/et_pb_column][et_pb_column type=&#8220;1_2&#8243; _builder_version=&#8220;4.27.4&#8243; _module_preset=&#8220;default&#8220; global_colors_info=&#8220;{}&#8220;][et_pb_image src=&#8220;https:\/\/tartufi-istra.com\/wp-content\/uploads\/2025\/06\/ravioli_sa_tartufima.png&#8220; _builder_version=&#8220;4.27.4&#8243; _module_preset=&#8220;default&#8220; hover_enabled=&#8220;0&#8243; global_colors_info=&#8220;{}&#8220; max_width=&#8220;90%&#8220; module_alignment=&#8220;center&#8220; alt=&#8220;ravioli_mit_trueffeln&#8220; sticky_enabled=&#8220;0&#8243;][\/et_pb_image][\/et_pb_column][\/et_pb_row][\/et_pb_section][et_pb_section fb_built=&#8220;1&#8243; _builder_version=&#8220;4.27.4&#8243; _module_preset=&#8220;default&#8220; background_enable_color=&#8220;off&#8220; global_colors_info=&#8220;{}&#8220;][et_pb_row _builder_version=&#8220;4.27.4&#8243; _module_preset=&#8220;default&#8220; global_colors_info=&#8220;{}&#8220;][et_pb_column type=&#8220;4_4&#8243; _builder_version=&#8220;4.27.4&#8243; _module_preset=&#8220;default&#8220; global_colors_info=&#8220;{}&#8220;][et_pb_heading title=&#8220;UNSERE FAVORITEN SHOPPEN&#8220; _builder_version=&#8220;4.27.4&#8243; _module_preset=&#8220;default&#8220; title_level=&#8220;h2&#8243; title_font=&#8220;|300|||||||&#8220; title_text_color=&#8220;#000000&#8243; title_font_size=&#8220;32px&#8220; global_colors_info=&#8220;{}&#8220;][\/et_pb_heading][\/et_pb_column][\/et_pb_row][et_pb_row _builder_version=&#8220;4.27.4&#8243; _module_preset=&#8220;default&#8220; global_colors_info=&#8220;{}&#8220;][et_pb_column type=&#8220;4_4&#8243; _builder_version=&#8220;4.27.4&#8243; _module_preset=&#8220;default&#8220; global_colors_info=&#8220;{}&#8220;][et_pb_shop columns_number=&#8220;4&#8243; icon_hover_color=&#8220;#D1B77B&#8220; show_rating=&#8220;off&#8220; _builder_version=&#8220;4.27.4&#8243; _module_preset=&#8220;default&#8220; title_font_size=&#8220;18px&#8220; price_text_color=&#8220;#232323&#8243; price_font_size=&#8220;16px&#8220; global_colors_info=&#8220;{}&#8220;][\/et_pb_shop][\/et_pb_column][\/et_pb_row][\/et_pb_section]<\/p>\n","protected":false},"excerpt":{"rendered":"<p>Tr\u00fcffel Istrien RAVIOLI MIT TR\u00dcFFELNRAVIOLI MIT TR\u00dcFFELN Ravioli mit Tr\u00fcffeln repr\u00e4sentieren perfekt die exquisite K\u00fcche Istriens, in der hausgemachte Pasta und die edlen Aromen der Tr\u00fcffel verschmelzen. Die reichhaltige und cremige F\u00fcllung der Ravioli, \u00fcbergossen mit einer aromatischen Tr\u00fcffelsauce, bietet eine perfekte Balance zwischen Textur und Geschmack. Dieses Gericht ist die ideale Wahl f\u00fcr alle&hellip;<\/p>\n","protected":false},"author":1,"featured_media":0,"parent":1884,"menu_order":0,"comment_status":"closed","ping_status":"closed","template":"","meta":{"_et_pb_use_builder":"on","_et_pb_old_content":"","_et_gb_content_width":"","footnotes":""},"class_list":["post-1887","page","type-page","status-publish","hentry"],"aioseo_notices":[],"_links":{"self":[{"href":"https:\/\/tartufi-istra.com\/de\/wp-json\/wp\/v2\/pages\/1887","targetHints":{"allow":["GET"]}}],"collection":[{"href":"https:\/\/tartufi-istra.com\/de\/wp-json\/wp\/v2\/pages"}],"about":[{"href":"https:\/\/tartufi-istra.com\/de\/wp-json\/wp\/v2\/types\/page"}],"author":[{"embeddable":true,"href":"https:\/\/tartufi-istra.com\/de\/wp-json\/wp\/v2\/users\/1"}],"replies":[{"embeddable":true,"href":"https:\/\/tartufi-istra.com\/de\/wp-json\/wp\/v2\/comments?post=1887"}],"version-history":[{"count":0,"href":"https:\/\/tartufi-istra.com\/de\/wp-json\/wp\/v2\/pages\/1887\/revisions"}],"up":[{"embeddable":true,"href":"https:\/\/tartufi-istra.com\/de\/wp-json\/wp\/v2\/pages\/1884"}],"wp:attachment":[{"href":"https:\/\/tartufi-istra.com\/de\/wp-json\/wp\/v2\/media?parent=1887"}],"curies":[{"name":"wp","href":"https:\/\/api.w.org\/{rel}","templated":true}]}}