{"id":1907,"date":"2025-06-16T12:23:22","date_gmt":"2025-06-16T12:23:22","guid":{"rendered":"https:\/\/tartufi-istra.com\/produkte-mit-trueffeln\/"},"modified":"2025-09-19T09:17:55","modified_gmt":"2025-09-19T09:17:55","slug":"produkte-mit-trueffeln","status":"publish","type":"page","link":"https:\/\/tartufi-istra.com\/de\/webshop\/produkte-mit-trueffeln\/","title":{"rendered":"Produkte mit Tr\u00fcffeln"},"content":{"rendered":"<p>[et_pb_section fb_built=&#8220;1&#8243; _builder_version=&#8220;4.27.4&#8243; _module_preset=&#8220;default&#8220; background_color=&#8220;#000000&#8243; height=&#8220;350px&#8220; custom_margin=&#8220;40px||||false|false&#8220; custom_margin_tablet=&#8220;40px||||false|false&#8220; custom_margin_phone=&#8220;40px||||false|false&#8220; custom_margin_last_edited=&#8220;on|desktop&#8220; custom_css_main_element=&#8220;display: flex;||  justify-content: center;  \/* horizontal *\/||  align-items: center; &#8220; global_colors_info=&#8220;{}&#8220;][et_pb_row make_equal=&#8220;on&#8220; _builder_version=&#8220;4.27.4&#8243; _module_preset=&#8220;default&#8220; custom_css_main_element=&#8220;align-items: center;&#8220; global_colors_info=&#8220;{}&#8220;][et_pb_column type=&#8220;4_4&#8243; _builder_version=&#8220;4.27.4&#8243; _module_preset=&#8220;default&#8220; global_colors_info=&#8220;{}&#8220;][et_pb_text content_tablet=&#8220;<\/p>\n<h6>Tr\u00fcffel Istrien<\/h6>\n<h1>PRODUKTE MIT TR\u00dcFFELN<\/h1>\n<p><strong data-start=%22156%22 data-end=%22190%22>Istrische Produkte mit Tr\u00fcffeln<\/strong> repr\u00e4sentieren die perfekte Verbindung zwischen dem nat\u00fcrlichen Reichtum des Motovun-Waldes und der erstklassigen gastronomischen Tradition. Im Herzen Istriens, zwischen Eichen und entlang der Ufer des Flusses Mirna, wachsen einige der begehrtesten Tr\u00fcffel der Welt.  Genau aus dieser nat\u00fcrlichen Quelle entstehen unsere einzigartigen Tr\u00fcffelprodukte, die es Ihnen erm\u00f6glichen, den unwiederholbaren Geschmack Istriens mit nach Hause zu nehmen.<\/p>\n<p>&#8220; content_phone=&#8220;<\/p>\n<h6>Tr\u00fcffel Istrien<\/h6>\n<h1>PRODUKTE MIT TR\u00dcFFELN<\/h1>\n<p><strong data-start=%22156%22 data-end=%22190%22>Istrische Produkte mit Tr\u00fcffeln<\/strong> repr\u00e4sentieren die perfekte Verbindung zwischen dem nat\u00fcrlichen Reichtum des Motovun-Waldes und der exzellenten gastronomischen Tradition. Im Herzen Istriens, zwischen Eichen und entlang der Ufer des Flusses Mirna, wachsen einige der weltweit am meisten gesch\u00e4tzten Tr\u00fcffel.  <\/p>\n<p>&#8220; content_last_edited=&#8220;on|phone&#8220; _builder_version=&#8220;4.27.4&#8243; _module_preset=&#8220;default&#8220; text_text_color=&#8220;#FFFFFF&#8220; text_font_size=&#8220;16px&#8220; header_font=&#8220;Times New Roman||||||||&#8220; header_text_align=&#8220;center&#8220; header_text_color=&#8220;#FFFFFF&#8220; header_font_size=&#8220;3em&#8220; header_3_font=&#8220;|300|||||||&#8220; header_3_text_align=&#8220;center&#8220; header_3_text_color=&#8220;#000000&#8243; header_3_font_size=&#8220;32px&#8220; header_6_font=&#8220;Kaushan Script||||||||&#8220; header_6_text_align=&#8220;center&#8220; header_6_text_color=&#8220;#D1B77B&#8220; header_6_font_size=&#8220;18px&#8220; text_orientation=&#8220;center&#8220; text_font_size_tablet=&#8220;16px&#8220; text_font_size_phone=&#8220;14px&#8220; text_font_size_last_edited=&#8220;on|phone&#8220; global_colors_info=&#8220;{}&#8220;]<\/p>\n<h6>Tr\u00fcffel Istrien<\/h6>\n<h1>PRODUKTE MIT TR\u00dcFFELN<\/h1>\n<p><strong data-start=\"156\" data-end=\"190\">Istrische Produkte mit Tr\u00fcffeln<\/strong> repr\u00e4sentieren die perfekte Verbindung zwischen dem nat\u00fcrlichen Reichtum des Motovun-Waldes und der erstklassigen gastronomischen Tradition. Im Herzen Istriens, zwischen Eichen und entlang der Ufer des Flusses Mirna, wachsen einige der begehrtesten Tr\u00fcffel der Welt. <\/p>\n<p>[\/et_pb_text][\/et_pb_column][\/et_pb_row][\/et_pb_section][et_pb_section fb_built=&#8220;1&#8243; _builder_version=&#8220;4.27.4&#8243; _module_preset=&#8220;default&#8220; global_colors_info=&#8220;{}&#8220;][et_pb_row _builder_version=&#8220;4.27.4&#8243; _module_preset=&#8220;default&#8220; border_width_bottom=&#8220;1px&#8220; global_colors_info=&#8220;{}&#8220;][et_pb_column type=&#8220;4_4&#8243; _builder_version=&#8220;4.27.4&#8243; _module_preset=&#8220;default&#8220; global_colors_info=&#8220;{}&#8220;][et_pb_text _builder_version=&#8220;4.27.4&#8243; _module_preset=&#8220;default&#8220; text_text_color=&#8220;#232323&#8243; text_font_size=&#8220;16px&#8220; header_3_font=&#8220;||||||||&#8220; header_3_text_color=&#8220;#000000&#8243; header_3_font_size=&#8220;28px&#8220; header_6_font=&#8220;Kaushan Script||||||||&#8220; header_6_font_size=&#8220;18px&#8220; custom_margin=&#8220;||14px||false|false&#8220; global_colors_info=&#8220;{}&#8220;]<\/p>\n<h3>PRODUKTKATEGORIEN<\/h3>\n<p>[\/et_pb_text][et_pb_menu menu_id=&#8220;28&#8243; active_link_color=&#8220;#D1B77B&#8220; menu_icon_color=&#8220;#D1B77B&#8220; _builder_version=&#8220;4.27.4&#8243; _module_preset=&#8220;default&#8220; menu_font=&#8220;&#8211;et_global_heading_font|||on|||||&#8220; menu_text_color=&#8220;#000000&#8243; menu_font_size=&#8220;16px&#8220; menu_letter_spacing=&#8220;1px&#8220; text_orientation=&#8220;justified&#8220; max_width=&#8220;70%&#8220; global_colors_info=&#8220;{}&#8220; menu_text_color__hover_enabled=&#8220;on|hover&#8220; menu_text_color__hover=&#8220;#D1B77B&#8220;][\/et_pb_menu][\/et_pb_column][\/et_pb_row][et_pb_row _builder_version=&#8220;4.27.4&#8243; _module_preset=&#8220;default&#8220; width=&#8220;90%&#8220; max_width=&#8220;90%&#8220; global_colors_info=&#8220;{}&#8220; hover_enabled=&#8220;0&#8243; sticky_enabled=&#8220;0&#8243;][et_pb_column type=&#8220;4_4&#8243; _builder_version=&#8220;4.27.4&#8243; _module_preset=&#8220;default&#8220; global_colors_info=&#8220;{}&#8220;][et_pb_shop type=&#8220;product_category&#8220; include_categories=&#8220;56&#8243; columns_number=&#8220;4&#8243; sale_badge_color=&#8220;#ff0000&#8243; icon_hover_color=&#8220;#D1B77B&#8220; show_rating=&#8220;off&#8220; _builder_version=&#8220;4.27.4&#8243; _module_preset=&#8220;default&#8220; title_text_color=&#8220;#000000&#8243; title_font_size=&#8220;18px&#8220; price_text_color=&#8220;#000000&#8243; price_font_size=&#8220;16px&#8220; rating_text_color=&#8220;#D1B77B&#8220; width=&#8220;100%&#8220; max_width=&#8220;100%&#8220; global_colors_info=&#8220;{}&#8220; posts_number=&#8220;40&#8243; hover_enabled=&#8220;0&#8243; sticky_enabled=&#8220;0&#8243;][\/et_pb_shop][\/et_pb_column][\/et_pb_row][\/et_pb_section]<\/p>\n","protected":false},"excerpt":{"rendered":"<p>Tr\u00fcffel Istrien PRODUKTE MIT TR\u00dcFFELN Istrische Produkte mit Tr\u00fcffeln repr\u00e4sentieren die perfekte Verbindung zwischen dem nat\u00fcrlichen Reichtum des Motovun-Waldes und der erstklassigen gastronomischen Tradition. Im Herzen Istriens, zwischen Eichen und entlang der Ufer des Flusses Mirna, wachsen einige der begehrtesten Tr\u00fcffel der Welt. PRODUKTKATEGORIEN<\/p>\n","protected":false},"author":1,"featured_media":1565,"parent":1965,"menu_order":0,"comment_status":"closed","ping_status":"closed","template":"","meta":{"_et_pb_use_builder":"on","_et_pb_old_content":"","_et_gb_content_width":"","footnotes":""},"class_list":["post-1907","page","type-page","status-publish","has-post-thumbnail","hentry"],"aioseo_notices":[],"_links":{"self":[{"href":"https:\/\/tartufi-istra.com\/de\/wp-json\/wp\/v2\/pages\/1907","targetHints":{"allow":["GET"]}}],"collection":[{"href":"https:\/\/tartufi-istra.com\/de\/wp-json\/wp\/v2\/pages"}],"about":[{"href":"https:\/\/tartufi-istra.com\/de\/wp-json\/wp\/v2\/types\/page"}],"author":[{"embeddable":true,"href":"https:\/\/tartufi-istra.com\/de\/wp-json\/wp\/v2\/users\/1"}],"replies":[{"embeddable":true,"href":"https:\/\/tartufi-istra.com\/de\/wp-json\/wp\/v2\/comments?post=1907"}],"version-history":[{"count":0,"href":"https:\/\/tartufi-istra.com\/de\/wp-json\/wp\/v2\/pages\/1907\/revisions"}],"up":[{"embeddable":true,"href":"https:\/\/tartufi-istra.com\/de\/wp-json\/wp\/v2\/pages\/1965"}],"wp:featuredmedia":[{"embeddable":true,"href":"https:\/\/tartufi-istra.com\/de\/wp-json\/wp\/v2\/media\/1565"}],"wp:attachment":[{"href":"https:\/\/tartufi-istra.com\/de\/wp-json\/wp\/v2\/media?parent=1907"}],"curies":[{"name":"wp","href":"https:\/\/api.w.org\/{rel}","templated":true}]}}