{"id":1987,"date":"2025-05-28T08:04:36","date_gmt":"2025-05-28T08:04:36","guid":{"rendered":"https:\/\/tartufi-istra.com\/trueffelsuche\/"},"modified":"2026-04-10T12:38:38","modified_gmt":"2026-04-10T12:38:38","slug":"trueffelsuche","status":"publish","type":"page","link":"https:\/\/tartufi-istra.com\/de\/trueffelsuche\/","title":{"rendered":"Tr\u00fcffelsuche"},"content":{"rendered":"<p>[et_pb_section fb_built=&#8220;1&#8243; _builder_version=&#8220;4.27.4&#8243; _module_preset=&#8220;default&#8220; background_enable_color=&#8220;off&#8220; use_background_color_gradient=&#8220;on&#8220; background_color_gradient_stops=&#8220;rgba(0,0,0,0.4) 0%|rgba(0,0,0,0.4) 100%&#8220; background_color_gradient_overlays_image=&#8220;on&#8220; background_image=&#8220;https:\/\/tartufi-istra.com\/wp-content\/uploads\/2025\/06\/lov-na-tartufe-7.jpg&#8220; background_position=&#8220;top_right&#8220; background_vertical_offset=&#8220;17%&#8220; height=&#8220;350px&#8220; custom_margin=&#8220;40px||||false|false&#8220; custom_css_main_element=&#8220;display: flex;||  justify-content: center;  \/* horizontal *\/||  align-items: center; &#8220; global_colors_info=&#8220;{}&#8220;][et_pb_row make_equal=&#8220;on&#8220; _builder_version=&#8220;4.27.4&#8243; _module_preset=&#8220;default&#8220; custom_css_main_element=&#8220;align-items: center;&#8220; global_colors_info=&#8220;{}&#8220;][et_pb_column type=&#8220;4_4&#8243; _builder_version=&#8220;4.27.4&#8243; _module_preset=&#8220;default&#8220; global_colors_info=&#8220;{}&#8220;][et_pb_text content_tablet=&#8220;<\/p>\n<h6>Tr\u00fcffel Istrien<\/h6>\n<h1>TR\u00dcFFELSUCHE IN ISTRIEN<\/h1>\n<p>Wenn Sie den wahren Zauber Istriens erleben m\u00f6chten, dann ist die <strong data-start=%22316%22 data-end=%22334%22>Tr\u00fcffelsuche<\/strong> im ber\u00fchmten <strong data-start=%22345%22 data-end=%22365%22>Motovun-Wald<\/strong> ein Erlebnis, das Sie sich nicht entgehen lassen sollten.<\/p>\n<p data-start=%22265%22 data-end=%22592%22>Am Fu\u00dfe des malerischen mittelalterlichen St\u00e4dtchens Motovun erstreckt sich der dichte gr\u00fcne Teppich des <strong data-start=%22497%22 data-end=%22516%22>Motovun-Waldes<\/strong>, eines der bekanntesten und reichsten Tr\u00fcffelhabitate der Welt.<\/p>\n<p>&#8220; content_phone=&#8220;<\/p>\n<h6>Tr\u00fcffel Istrien<\/h6>\n<h1>TR\u00dcFFELSUCHE IN ISTRIEN<\/h1>\n<p>Wenn Sie den wahren Zauber Istriens erleben m\u00f6chten, dann ist die <strong data-start=%22316%22 data-end=%22334%22>Tr\u00fcffelsuche<\/strong> im ber\u00fchmten <strong data-start=%22345%22 data-end=%22365%22>Motovun-Wald<\/strong> ein Erlebnis, das Sie sich nicht entgehen lassen sollten.<\/p>\n<p>&#8220; content_last_edited=&#8220;on|phone&#8220; _builder_version=&#8220;4.27.6&#8243; _module_preset=&#8220;default&#8220; text_text_color=&#8220;#FFFFFF&#8220; header_font=&#8220;Times New Roman||||||||&#8220; header_text_align=&#8220;center&#8220; header_text_color=&#8220;#FFFFFF&#8220; header_font_size=&#8220;3em&#8220; header_3_font=&#8220;|300|||||||&#8220; header_3_text_align=&#8220;center&#8220; header_3_text_color=&#8220;#000000&#8243; header_3_font_size=&#8220;32px&#8220; header_6_font=&#8220;Kaushan Script||||||||&#8220; header_6_text_align=&#8220;center&#8220; header_6_text_color=&#8220;#D1B77B&#8220; header_6_font_size=&#8220;18px&#8220; text_orientation=&#8220;center&#8220; global_colors_info=&#8220;{}&#8220;]<\/p>\n<h6>Tr\u00fcffel Istrien<\/h6>\n<h1>TR\u00dcFFELSUCHE IN ISTRIEN<\/h1>\n<p>Die Tr\u00fcffelsuche in Istrien ist eines der authentischsten Erlebnisse der Region. Wenn Sie den wahren Zauber Istriens erleben m\u00f6chten, dann ist die Tr\u00fcffelsuche im ber\u00fchmten <strong>Motovun-Wald<\/strong> ein Erlebnis, das Sie sich nicht entgehen lassen sollten.<\/p>\n<p>[\/et_pb_text][\/et_pb_column][\/et_pb_row][\/et_pb_section][et_pb_section fb_built=&#8220;1&#8243; _builder_version=&#8220;4.27.4&#8243; _module_preset=&#8220;default&#8220; global_colors_info=&#8220;{}&#8220;][et_pb_row _builder_version=&#8220;4.27.4&#8243; _module_preset=&#8220;default&#8220; animation_style=&#8220;fade&#8220; global_colors_info=&#8220;{}&#8220;][et_pb_column type=&#8220;4_4&#8243; _builder_version=&#8220;4.27.4&#8243; _module_preset=&#8220;default&#8220; global_colors_info=&#8220;{}&#8220;][et_pb_text _builder_version=&#8220;4.27.4&#8243; _module_preset=&#8220;default&#8220; text_text_color=&#8220;#232323&#8243; text_font_size=&#8220;16px&#8220; header_3_font=&#8220;||||||||&#8220; header_3_text_align=&#8220;center&#8220; header_3_text_color=&#8220;#000000&#8243; header_3_font_size=&#8220;28px&#8220; header_6_font=&#8220;Kaushan Script||||||||&#8220; header_6_font_size=&#8220;18px&#8220; text_orientation=&#8220;center&#8220; global_colors_info=&#8220;{}&#8220;]<\/p>\n<h3>WARUM IST DER MOTOVUN-WALD WELTBER\u00dcHMT?<\/h3>\n<p>&nbsp;<\/p>\n<p>Am Fu\u00dfe des malerischen mittelalterlichen St\u00e4dtchens Motovun erstreckt sich der dichte gr\u00fcne Teppich des <strong data-start=\"497\" data-end=\"516\">Motovun-Waldes<\/strong>, eines der bekanntesten und reichsten Tr\u00fcffelhabitate der Welt.<\/p>\n<p>Der Motovun-Wald ist ein besonderes Waldvegetationsreservat, dessen Boden und Mikroklima perfekte Bedingungen f\u00fcr das Wachstum des <strong data-start=\"752\" data-end=\"793\">wei\u00dfen Tr\u00fcffels (Tuber magnatum Pico)<\/strong> schaffen &#8211; des wertvollsten und teuersten Tr\u00fcffels der Welt. Hier wurde einer der gr\u00f6\u00dften wei\u00dfen Tr\u00fcffel aller Zeiten gefunden, der sogar im <strong data-start=\"943\" data-end=\"974\">Guinness-Buch der Rekorde<\/strong> verzeichnet ist. Neben dem wei\u00dfen Tr\u00fcffel beherbergt der Motovun-Wald auch zahlreiche Arten von <strong data-start=\"1042\" data-end=\"1116\">schwarzen Tr\u00fcffeln (Tuber aestivum, Tuber melanosporum, Tuber uncinatum)<\/strong>, die bei Feinschmeckern weltweit gleicherma\u00dfen gesch\u00e4tzt sind.  <\/p>\n<p>[\/et_pb_text][\/et_pb_column][\/et_pb_row][\/et_pb_section][et_pb_section fb_built=&#8220;1&#8243; _builder_version=&#8220;4.27.4&#8243; _module_preset=&#8220;default&#8220; background_color=&#8220;#FAFAFA&#8220; background_enable_image=&#8220;off&#8220; global_colors_info=&#8220;{}&#8220;][et_pb_row column_structure=&#8220;1_2,1_2&#8243; make_equal=&#8220;on&#8220; _builder_version=&#8220;4.27.4&#8243; _module_preset=&#8220;default&#8220; width=&#8220;85%&#8220; max_width=&#8220;85%&#8220; custom_css_main_element=&#8220;align-items:center;&#8220; global_colors_info=&#8220;{}&#8220;][et_pb_column type=&#8220;1_2&#8243; _builder_version=&#8220;4.27.4&#8243; _module_preset=&#8220;default&#8220; animation_style=&#8220;slide&#8220; animation_direction=&#8220;left&#8220; global_colors_info=&#8220;{}&#8220;][et_pb_image src=&#8220;https:\/\/tartufi-istra.com\/wp-content\/uploads\/2025\/06\/Lov-na-tartufe-1.jpg&#8220; alt=&#8220;trueffelsuche-mit-hunden&#8220; _builder_version=&#8220;4.27.4&#8243; _module_preset=&#8220;default&#8220; global_colors_info=&#8220;{}&#8220;][\/et_pb_image][\/et_pb_column][et_pb_column type=&#8220;1_2&#8243; _builder_version=&#8220;4.27.4&#8243; _module_preset=&#8220;default&#8220; animation_style=&#8220;slide&#8220; global_colors_info=&#8220;{}&#8220;][et_pb_text _builder_version=&#8220;4.27.4&#8243; _module_preset=&#8220;default&#8220; text_text_color=&#8220;#232323&#8243; text_font_size=&#8220;16px&#8220; header_3_font=&#8220;||||||||&#8220; header_3_text_color=&#8220;#000000&#8243; header_3_font_size=&#8220;28px&#8220; header_6_font=&#8220;Kaushan Script||||||||&#8220; header_6_font_size=&#8220;18px&#8220; global_colors_info=&#8220;{}&#8220;]<\/p>\n<h6>Verbindung von Natur, Tradition und Leidenschaft<\/h6>\n<h3>DAS ERLEBNIS DER TR\u00dcFFELSUCHE<\/h3>\n<p data-start=\"1242\" data-end=\"1624\">Unsere organisierten <strong data-start=\"1260\" data-end=\"1284\">Tr\u00fcffelsuchtouren<\/strong> bieten Ihnen die Gelegenheit, diese uralte Kunst, die in der Familie Bartoli\u0107 seit den 1950er Jahren weitergegeben wird, auf authentische Weise zu erleben. Gef\u00fchrt von erfahrenen Tr\u00fcffelsuchern und ihren speziell ausgebildeten Hunden, bahnen Sie sich Ihren Weg durch das dichte Laubwerk jahrhundertealter Eichen, atmen die frische Waldluft ein und lauschen dem Vogelgezwitscher und dem Rauschen des Flusses Mirna. <\/p>\n<p data-start=\"1626\" data-end=\"1971\">Die dressierten Hunde mit ihrem au\u00dfergew\u00f6hnlichen Geruchssinn suchen hingebungsvoll nach der kostbaren, unter der Erde verborgenen Beute, und Sie werden Zeuge der Entdeckung eines der wertvollsten Natursch\u00e4tze Istriens &#8211; des Tr\u00fcffels. Dies ist nicht nur ein Spaziergang durch den Wald, sondern ein echtes <strong data-start=\"1845\" data-end=\"1881\">Abenteuer und eine Bildungsreise \u00fcber Tr\u00fcffel<\/strong>, ihre Entstehung, Arten, Unterschiede, Saisonalit\u00e4t und Verwendung in der Spitzengastronomie. <\/p>\n<p>[\/et_pb_text][et_pb_button button_url=&#8220;https:\/\/tartufi-istra.com\/de\/ture\/&#8220; button_text=&#8220;Termin reservieren&#8220; _builder_version=&#8220;4.27.6&#8243; _module_preset=&#8220;default&#8220; custom_button=&#8220;on&#8220; button_text_size=&#8220;18px&#8220; button_text_color=&#8220;#FFFFFF&#8220; button_bg_color=&#8220;#000000&#8243; button_use_icon=&#8220;off&#8220; global_colors_info=&#8220;{}&#8220; button_border_color__hover_enabled=&#8220;on|hover&#8220; button_border_color__hover=&#8220;#D1B77B&#8220;][\/et_pb_button][\/et_pb_column][\/et_pb_row][\/et_pb_section][et_pb_section fb_built=&#8220;1&#8243; _builder_version=&#8220;4.27.4&#8243; _module_preset=&#8220;default&#8220; global_colors_info=&#8220;{}&#8220;][et_pb_row _builder_version=&#8220;4.27.4&#8243; _module_preset=&#8220;default&#8220; global_colors_info=&#8220;{}&#8220;][et_pb_column type=&#8220;4_4&#8243; _builder_version=&#8220;4.27.4&#8243; _module_preset=&#8220;default&#8220; global_colors_info=&#8220;{}&#8220;][et_pb_text _builder_version=&#8220;4.27.4&#8243; _module_preset=&#8220;default&#8220; text_text_color=&#8220;#232323&#8243; text_font_size=&#8220;16px&#8220; header_3_font=&#8220;||||||||&#8220; header_3_text_align=&#8220;center&#8220; header_3_text_color=&#8220;#000000&#8243; header_3_font_size=&#8220;28px&#8220; header_6_font=&#8220;Kaushan Script||||||||&#8220; header_6_font_size=&#8220;18px&#8220; text_orientation=&#8220;center&#8220; animation_style=&#8220;fade&#8220; global_colors_info=&#8220;{}&#8220;]<\/p>\n<h3>DER PERFEKTE AUSFLUG F\u00dcR ALLE GENERATIONEN<\/h3>\n<p>Jede Tour kann an Ihre W\u00fcnsche, k\u00f6rperlichen F\u00e4higkeiten und Wetterbedingungen angepasst werden. Dar\u00fcber hinaus bieten wir nach der Suche eine <strong data-start=\"2357\" data-end=\"2403\">Verkostung von Tr\u00fcffeln und Tr\u00fcffelprodukten<\/strong> in unserem Verkostungsraum an, wo Sie frisch geriebene Tr\u00fcffel mit hausgemachtem K\u00e4se, Tr\u00fcffel\u00f6l, Tr\u00fcffelhonig, Tr\u00fcffelsalami und erstklassigen istrischen Weinen wie Malvasia und Teran probieren k\u00f6nnen. <\/p>\n<p data-start=\"2010\" data-end=\"2057\" style=\"text-align: left;\">Die <strong data-start=\"2010\" data-end=\"2036\">Tr\u00fcffelsuche in Istrien<\/strong> ist die perfekte Wahl f\u00fcr:<\/p>\n<ul data-start=\"2058\" data-end=\"2227\">\n<li data-start=\"2058\" data-end=\"2077\" style=\"text-align: left;\">\n<p data-start=\"2060\" data-end=\"2077\">Familien mit Kindern<\/p>\n<\/li>\n<li data-start=\"2078\" data-end=\"2121\" style=\"text-align: left;\">\n<p data-start=\"2080\" data-end=\"2121\">Paare auf der Suche nach einem romantischen Erlebnis<\/p>\n<\/li>\n<li data-start=\"2122\" data-end=\"2148\" style=\"text-align: left;\">\n<p data-start=\"2124\" data-end=\"2148\">Gastronomiefans<\/p>\n<\/li>\n<li data-start=\"2149\" data-end=\"2183\" style=\"text-align: left;\">\n<p data-start=\"2151\" data-end=\"2183\">Natur- und Fotografieliebhaber<\/p>\n<\/li>\n<li data-start=\"2184\" data-end=\"2227\">\n<p data-start=\"2186\" data-end=\"2227\" style=\"text-align: left;\">Gesch\u00e4ftsgruppen und Teambuilding-Aktivit\u00e4ten<\/p>\n<\/li>\n<\/ul>\n<p>[\/et_pb_text][\/et_pb_column][\/et_pb_row][et_pb_row column_structure=&#8220;1_3,1_3,1_3&#8243; use_custom_gutter=&#8220;on&#8220; gutter_width=&#8220;2&#8243; _builder_version=&#8220;4.27.4&#8243; _module_preset=&#8220;default&#8220; max_width=&#8220;100%&#8220; global_colors_info=&#8220;{}&#8220;][et_pb_column type=&#8220;1_3&#8243; _builder_version=&#8220;4.27.4&#8243; _module_preset=&#8220;default&#8220; animation_style=&#8220;fade&#8220; animation_delay=&#8220;100ms&#8220; global_colors_info=&#8220;{}&#8220;][et_pb_image src=&#8220;https:\/\/tartufi-istra.com\/wp-content\/uploads\/2025\/06\/lov-na-tartufe-5.jpg&#8220; alt=&#8220;trueffelsuche-5&#8243; show_in_lightbox=&#8220;on&#8220; _builder_version=&#8220;4.27.4&#8243; _module_preset=&#8220;default&#8220; global_colors_info=&#8220;{}&#8220;][\/et_pb_image][\/et_pb_column][et_pb_column type=&#8220;1_3&#8243; _builder_version=&#8220;4.27.4&#8243; _module_preset=&#8220;default&#8220; animation_style=&#8220;fade&#8220; animation_delay=&#8220;150ms&#8220; global_colors_info=&#8220;{}&#8220;][et_pb_image src=&#8220;https:\/\/tartufi-istra.com\/wp-content\/uploads\/2025\/06\/lov-na-tartufe-6.jpg&#8220; show_in_lightbox=&#8220;on&#8220; _builder_version=&#8220;4.27.4&#8243; _module_preset=&#8220;default&#8220; global_colors_info=&#8220;{}&#8220;][\/et_pb_image][\/et_pb_column][et_pb_column type=&#8220;1_3&#8243; _builder_version=&#8220;4.27.4&#8243; _module_preset=&#8220;default&#8220; animation_style=&#8220;fade&#8220; animation_delay=&#8220;150ms&#8220; global_colors_info=&#8220;{}&#8220;][et_pb_image src=&#8220;https:\/\/tartufi-istra.com\/wp-content\/uploads\/2025\/06\/lov-na-tartufe-4.jpg&#8220; alt=&#8220;trueffelsuche-4&#8243; show_in_lightbox=&#8220;on&#8220; _builder_version=&#8220;4.27.4&#8243; _module_preset=&#8220;default&#8220; global_colors_info=&#8220;{}&#8220;][\/et_pb_image][\/et_pb_column][\/et_pb_row][\/et_pb_section][et_pb_section fb_built=&#8220;1&#8243; _builder_version=&#8220;4.27.4&#8243; _module_preset=&#8220;default&#8220; background_color=&#8220;#151515&#8243; global_colors_info=&#8220;{}&#8220;][et_pb_row column_structure=&#8220;1_2,1_2&#8243; make_equal=&#8220;on&#8220; _builder_version=&#8220;4.27.4&#8243; _module_preset=&#8220;default&#8220; width=&#8220;85%&#8220; max_width=&#8220;85%&#8220; animation_style=&#8220;slide&#8220; custom_css_main_element=&#8220;align-items:center;&#8220; global_colors_info=&#8220;{}&#8220;][et_pb_column type=&#8220;1_2&#8243; _builder_version=&#8220;4.27.4&#8243; _module_preset=&#8220;default&#8220; global_colors_info=&#8220;{}&#8220;][et_pb_text _builder_version=&#8220;4.27.4&#8243; _module_preset=&#8220;default&#8220; text_text_color=&#8220;#FFFFFF&#8220; text_font_size=&#8220;16px&#8220; header_3_font=&#8220;||||||||&#8220; header_3_text_color=&#8220;#FFFFFF&#8220; header_3_font_size=&#8220;28px&#8220; header_6_font=&#8220;Kaushan Script||||||||&#8220; header_6_text_color=&#8220;#D1B77B&#8220; header_6_font_size=&#8220;18px&#8220; global_colors_info=&#8220;{}&#8220;]<\/p>\n<h6>Tr\u00fcffelsuche<\/h6>\n<h3>WANN IST DIE SAISON F\u00dcR DIE TR\u00dcFFELSUCHE IN ISTRIEN?<\/h3>\n<p data-start=\"2645\" data-end=\"2731\">Die Tr\u00fcffelsuche ist fast das ganze Jahr \u00fcber m\u00f6glich, abh\u00e4ngig von der Saison der einzelnen Arten:<\/p>\n<ul data-start=\"2733\" data-end=\"3001\">\n<li data-start=\"2733\" data-end=\"2798\">\n<p data-start=\"2735\" data-end=\"2798\"><strong data-start=\"2735\" data-end=\"2775\">Wei\u00dfer Tr\u00fcffel (Tuber magnatum Pico):<\/strong> von September bis Januar<\/p>\n<\/li>\n<li data-start=\"2799\" data-end=\"2863\">\n<p data-start=\"2801\" data-end=\"2863\"><strong data-start=\"2801\" data-end=\"2841\">Schwarzer Sommertr\u00fcffel (Tuber aestivum):<\/strong> von Mai bis September<\/p>\n<\/li>\n<li data-start=\"2864\" data-end=\"2929\">\n<p data-start=\"2866\" data-end=\"2929\"><strong data-start=\"2866\" data-end=\"2905\">Schwarzer Wintertr\u00fcffel (Tuber brumale):<\/strong> von Januar bis M\u00e4rz<\/p>\n<\/li>\n<li data-start=\"2930\" data-end=\"3001\">\n<p data-start=\"2932\" data-end=\"3001\"><strong data-start=\"2932\" data-end=\"2979\">Schwarzer Perigord-Tr\u00fcffel (Tuber melanosporum):<\/strong> von Dezember bis M\u00e4rz<\/p>\n<\/li>\n<\/ul>\n<p data-start=\"3003\" data-end=\"3090\">Unabh\u00e4ngig davon, wann Sie uns besuchen, garantieren wir ein authentisches Erlebnis und Bildung \u00fcber Tr\u00fcffel.<\/p>\n<p>[\/et_pb_text][\/et_pb_column][et_pb_column type=&#8220;1_2&#8243; _builder_version=&#8220;4.27.4&#8243; _module_preset=&#8220;default&#8220; global_colors_info=&#8220;{}&#8220;][et_pb_image src=&#8220;https:\/\/tartufi-istra.com\/wp-content\/uploads\/2025\/06\/lov-na-tartufe-7.jpg&#8220; alt=&#8220;trueffelsuche-2-mit-hund&#8220; _builder_version=&#8220;4.27.4&#8243; _module_preset=&#8220;default&#8220; global_colors_info=&#8220;{}&#8220;][\/et_pb_image][\/et_pb_column][\/et_pb_row][\/et_pb_section][et_pb_section fb_built=&#8220;1&#8243; _builder_version=&#8220;4.27.4&#8243; _module_preset=&#8220;default&#8220; background_color=&#8220;#FAFAFA&#8220; background_enable_image=&#8220;off&#8220; global_colors_info=&#8220;{}&#8220;][et_pb_row column_structure=&#8220;1_2,1_2&#8243; make_equal=&#8220;on&#8220; _builder_version=&#8220;4.27.4&#8243; _module_preset=&#8220;default&#8220; width=&#8220;85%&#8220; max_width=&#8220;85%&#8220; custom_css_main_element=&#8220;align-items:center;&#8220; global_colors_info=&#8220;{}&#8220;][et_pb_column type=&#8220;1_2&#8243; _builder_version=&#8220;4.27.4&#8243; _module_preset=&#8220;default&#8220; global_colors_info=&#8220;{}&#8220;][et_pb_image src=&#8220;https:\/\/tartufi-istra.com\/wp-content\/uploads\/2025\/06\/lov-na-tartufe-10.jpg&#8220; alt=&#8220;gruppentr\u00fcffelsuche-in-istrien&#8220; _builder_version=&#8220;4.27.4&#8243; _module_preset=&#8220;default&#8220; global_colors_info=&#8220;{}&#8220;][\/et_pb_image][\/et_pb_column][et_pb_column type=&#8220;1_2&#8243; _builder_version=&#8220;4.27.4&#8243; _module_preset=&#8220;default&#8220; global_colors_info=&#8220;{}&#8220;][et_pb_text _builder_version=&#8220;4.27.6&#8243; _module_preset=&#8220;default&#8220; text_text_color=&#8220;#232323&#8243; text_font_size=&#8220;16px&#8220; header_3_font=&#8220;||||||||&#8220; header_3_text_color=&#8220;#000000&#8243; header_3_font_size=&#8220;28px&#8220; header_6_font=&#8220;Kaushan Script||||||||&#8220; header_6_font_size=&#8220;18px&#8220; animation_style=&#8220;fade&#8220; hover_enabled=&#8220;0&#8243; global_colors_info=&#8220;{}&#8220; sticky_enabled=&#8220;0&#8243; link_text_color=&#8220;#000000&#8243;]<\/p>\n<h6>Das Abenteuer der Tr\u00fcffelsuche<\/h6>\n<h3>WARUM SOLLTEN SIE <span style=\"text-decoration: underline;\"><a href=\"https:\/\/tartufi-istra.com\/de\/\">TARTUFI ISTRA<\/a><\/span> F\u00dcR DIE TR\u00dcFFELSUCHE W\u00c4HLEN?<\/h3>\n<ul>\n<li data-start=\"3145\" data-end=\"3204\">\n<p data-start=\"3147\" data-end=\"3204\">Mehrgenerationelle Familientradition in der Tr\u00fcffelsuche<\/p>\n<\/li>\n<li data-start=\"3205\" data-end=\"3262\">\n<p data-start=\"3207\" data-end=\"3262\">Professionell ausgebildete Hunde mit langj\u00e4hriger Erfahrung<\/p>\n<\/li>\n<li data-start=\"3263\" data-end=\"3331\">\n<p data-start=\"3265\" data-end=\"3331\">Erfahrene F\u00fchrer, die ihr Wissen und ihre Liebe zu Tr\u00fcffeln teilen<\/p>\n<\/li>\n<li data-start=\"3332\" data-end=\"3378\">\n<p data-start=\"3334\" data-end=\"3378\">Authentischer Standort im Herzen des Motovun-Waldes<\/p>\n<\/li>\n<li data-start=\"3379\" data-end=\"3451\">\n<p data-start=\"3381\" data-end=\"3451\">Kombination aus Abenteuer, Bildung und erstklassigen gastronomischen Erlebnissen<\/p>\n<\/li>\n<li data-start=\"3452\" data-end=\"3507\">\n<p data-start=\"3454\" data-end=\"3507\">Verkostungen von hochwertigen Tr\u00fcffelprodukten nach der Suche<\/p>\n<\/li>\n<\/ul>\n<p>Die <strong data-start=\"3566\" data-end=\"3603\">Tr\u00fcffelsuche im Motovun-Wald<\/strong> ist eines der au\u00dfergew\u00f6hnlichsten Erlebnisse, die Istrien zu bieten hat. Ob Sie als Gast des Bed &amp; Breakfast Antico kommen, unser Verkostungslokal in Motovun, Rovinj oder Pore\u010d besuchen oder zuf\u00e4llig durch das zauberhafte Istrien reisen &#8211; dieses Erlebnis wird Ihnen f\u00fcr immer in Erinnerung bleiben.<\/p>\n<p data-start=\"728\" data-end=\"801\">Mehr \u00fcber Tr\u00fcffel in Istrien erfahren Sie hier: <a href=\"https:\/\/www.istra.hr\/de\/gourmet\/trueffel\"><strong data-start=\"779\" data-end=\"801\">Tr\u00fcffel in Istrien<\/strong><\/a><\/p>\n<p data-start=\"803\" data-end=\"846\">[\/et_pb_text][\/et_pb_column][\/et_pb_row][\/et_pb_section][et_pb_section fb_built=&#8220;1&#8243; _builder_version=&#8220;4.27.4&#8243; _module_preset=&#8220;default&#8220; background_enable_color=&#8220;off&#8220; global_colors_info=&#8220;{}&#8220;][et_pb_row _builder_version=&#8220;4.27.4&#8243; _module_preset=&#8220;default&#8220; global_colors_info=&#8220;{}&#8220;][et_pb_column type=&#8220;4_4&#8243; _builder_version=&#8220;4.27.4&#8243; _module_preset=&#8220;default&#8220; global_colors_info=&#8220;{}&#8220;][et_pb_heading title=&#8220;FRISCHE TR\u00dcFFEL&#8220; _builder_version=&#8220;4.27.4&#8243; _module_preset=&#8220;default&#8220; title_level=&#8220;h2&#8243; title_font=&#8220;|300|||||||&#8220; title_text_color=&#8220;#000000&#8243; title_font_size=&#8220;32px&#8220; global_colors_info=&#8220;{}&#8220;][\/et_pb_heading][\/et_pb_column][\/et_pb_row][et_pb_row _builder_version=&#8220;4.27.4&#8243; _module_preset=&#8220;default&#8220; global_colors_info=&#8220;{}&#8220;][et_pb_column type=&#8220;4_4&#8243; _builder_version=&#8220;4.27.4&#8243; _module_preset=&#8220;default&#8220; global_colors_info=&#8220;{}&#8220;][et_pb_shop type=&#8220;product_category&#8220; include_categories=&#8220;57&#8243; columns_number=&#8220;4&#8243; icon_hover_color=&#8220;#D1B77B&#8220; show_rating=&#8220;off&#8220; _builder_version=&#8220;4.27.4&#8243; _module_preset=&#8220;default&#8220; title_font_size=&#8220;18px&#8220; price_text_color=&#8220;#232323&#8243; price_font_size=&#8220;16px&#8220; global_colors_info=&#8220;{}&#8220;][\/et_pb_shop][\/et_pb_column][\/et_pb_row][\/et_pb_section]<\/p>\n","protected":false},"excerpt":{"rendered":"<p>Tr\u00fcffel Istrien TR\u00dcFFELSUCHE IN ISTRIEN Die Tr\u00fcffelsuche in Istrien ist eines der authentischsten Erlebnisse der Region. Wenn Sie den wahren Zauber Istriens erleben m\u00f6chten, dann ist die Tr\u00fcffelsuche im ber\u00fchmten Motovun-Wald ein Erlebnis, das Sie sich nicht entgehen lassen sollten.WARUM IST DER MOTOVUN-WALD WELTBER\u00dcHMT? &nbsp; Am Fu\u00dfe des malerischen mittelalterlichen St\u00e4dtchens Motovun erstreckt sich der&hellip;<\/p>\n","protected":false},"author":1,"featured_media":1529,"parent":0,"menu_order":0,"comment_status":"closed","ping_status":"closed","template":"","meta":{"_et_pb_use_builder":"on","_et_pb_old_content":"","_et_gb_content_width":"","footnotes":""},"class_list":["post-1987","page","type-page","status-publish","has-post-thumbnail","hentry"],"aioseo_notices":[],"_links":{"self":[{"href":"https:\/\/tartufi-istra.com\/de\/wp-json\/wp\/v2\/pages\/1987","targetHints":{"allow":["GET"]}}],"collection":[{"href":"https:\/\/tartufi-istra.com\/de\/wp-json\/wp\/v2\/pages"}],"about":[{"href":"https:\/\/tartufi-istra.com\/de\/wp-json\/wp\/v2\/types\/page"}],"author":[{"embeddable":true,"href":"https:\/\/tartufi-istra.com\/de\/wp-json\/wp\/v2\/users\/1"}],"replies":[{"embeddable":true,"href":"https:\/\/tartufi-istra.com\/de\/wp-json\/wp\/v2\/comments?post=1987"}],"version-history":[{"count":14,"href":"https:\/\/tartufi-istra.com\/de\/wp-json\/wp\/v2\/pages\/1987\/revisions"}],"predecessor-version":[{"id":5440,"href":"https:\/\/tartufi-istra.com\/de\/wp-json\/wp\/v2\/pages\/1987\/revisions\/5440"}],"wp:featuredmedia":[{"embeddable":true,"href":"https:\/\/tartufi-istra.com\/de\/wp-json\/wp\/v2\/media\/1529"}],"wp:attachment":[{"href":"https:\/\/tartufi-istra.com\/de\/wp-json\/wp\/v2\/media?parent=1987"}],"curies":[{"name":"wp","href":"https:\/\/api.w.org\/{rel}","templated":true}]}}