{"id":2013,"date":"2025-05-28T07:47:12","date_gmt":"2025-05-28T07:47:12","guid":{"rendered":"https:\/\/tartufi-istra.com\/ueber-uns\/"},"modified":"2025-11-05T14:40:45","modified_gmt":"2025-11-05T14:40:45","slug":"ueber-uns","status":"publish","type":"page","link":"https:\/\/tartufi-istra.com\/de\/ueber-uns\/","title":{"rendered":"\u00dcber uns"},"content":{"rendered":"<p>[et_pb_section fb_built=&#8220;1&#8243; _builder_version=&#8220;4.27.4&#8243; _module_preset=&#8220;default&#8220; background_enable_color=&#8220;off&#8220; use_background_color_gradient=&#8220;on&#8220; background_color_gradient_stops=&#8220;rgba(0,0,0,0.4) 0%|rgba(0,0,0,0.4) 100%&#8220; background_color_gradient_overlays_image=&#8220;on&#8220; background_image=&#8220;https:\/\/tartufi-istra.com\/wp-content\/uploads\/2025\/11\/Tartufi-festival-57-scaled.jpg&#8220; height=&#8220;350px&#8220; custom_margin=&#8220;40px||||false|false&#8220; hover_enabled=&#8220;0&#8243; custom_css_main_element=&#8220;display: flex;||  justify-content: center;  \/* horizontal *\/||  align-items: center; &#8220; global_colors_info=&#8220;{}&#8220; title_text=&#8220;Tartufi festival-57&#8243; background_position=&#8220;bottom_center&#8220; sticky_enabled=&#8220;0&#8243;][et_pb_row make_equal=&#8220;on&#8220; _builder_version=&#8220;4.27.4&#8243; _module_preset=&#8220;default&#8220; custom_css_main_element=&#8220;align-items: center;&#8220; global_colors_info=&#8220;{}&#8220;][et_pb_column type=&#8220;4_4&#8243; _builder_version=&#8220;4.27.4&#8243; _module_preset=&#8220;default&#8220; global_colors_info=&#8220;{}&#8220;][et_pb_text _builder_version=&#8220;4.27.4&#8243; _module_preset=&#8220;default&#8220; text_text_color=&#8220;#FFFFFF&#8220; text_font_size=&#8220;16px&#8220; header_font=&#8220;Times New Roman||||||||&#8220; header_text_align=&#8220;center&#8220; header_text_color=&#8220;#FFFFFF&#8220; header_font_size=&#8220;3em&#8220; header_3_font=&#8220;|300|||||||&#8220; header_3_text_align=&#8220;center&#8220; header_3_text_color=&#8220;#000000&#8243; header_3_font_size=&#8220;32px&#8220; header_6_font=&#8220;Kaushan Script||||||||&#8220; header_6_text_align=&#8220;center&#8220; header_6_text_color=&#8220;#D1B77B&#8220; header_6_font_size=&#8220;18px&#8220; text_orientation=&#8220;center&#8220; global_colors_info=&#8220;{}&#8220;]<\/p>\n<h6>Tr\u00fcffel Istrien<\/h6>\n<h1>\u00dcBER UNS<\/h1>\n<p>Entdecken Sie die Welt der Tr\u00fcffel in Istrien<\/p>\n<p>[\/et_pb_text][\/et_pb_column][\/et_pb_row][\/et_pb_section][et_pb_section fb_built=&#8220;1&#8243; _builder_version=&#8220;4.27.4&#8243; _module_preset=&#8220;default&#8220; global_colors_info=&#8220;{}&#8220;][et_pb_row _builder_version=&#8220;4.27.4&#8243; _module_preset=&#8220;default&#8220; global_colors_info=&#8220;{}&#8220;][et_pb_column type=&#8220;4_4&#8243; _builder_version=&#8220;4.27.4&#8243; _module_preset=&#8220;default&#8220; global_colors_info=&#8220;{}&#8220;][et_pb_text _builder_version=&#8220;4.27.4&#8243; _module_preset=&#8220;default&#8220; text_text_color=&#8220;#232323&#8243; text_font_size=&#8220;16px&#8220; header_3_font=&#8220;||||||||&#8220; header_3_text_align=&#8220;center&#8220; header_3_text_color=&#8220;#000000&#8243; header_3_font_size=&#8220;28px&#8220; header_6_font=&#8220;Kaushan Script||||||||&#8220; header_6_font_size=&#8220;18px&#8220; text_orientation=&#8220;center&#8220; animation_style=&#8220;fade&#8220; global_colors_info=&#8220;{}&#8220;]<\/p>\n<h3>FAMILIENTRADITION<\/h3>\n<p>Unsere Geschichte der Familie Bartoli\u0107 beginnt in den f\u00fcnfziger Jahren des letzten Jahrhunderts, als unser Gro\u00dfvater aus reinem Hobby begann, in den istrischen W\u00e4ldern Tr\u00fcffel zu jagen. Zu dieser Zeit wurden Tr\u00fcffel nicht so gesch\u00e4tzt wie heute, und ihr Wert kam nicht einmal ann\u00e4hernd an den heutigen heran. Mit der Zeit wurde die Tradition der Tr\u00fcffelsuche zu einem wichtigen Teil unseres Familienerbes, das von Generation zu Generation weitergegeben wurde. Unser Vater setzte diese Tradition fort, und der Sohn f\u00fchrte das Familienunternehmen in eine neue \u00c4ra, wobei er an traditionellen Methoden festhielt und besonderen Wert auf die Bewahrung der Authentizit\u00e4t legte.   <\/p>\n<p>[\/et_pb_text][\/et_pb_column][\/et_pb_row][\/et_pb_section][et_pb_section fb_built=&#8220;1&#8243; _builder_version=&#8220;4.27.4&#8243; _module_preset=&#8220;default&#8220; background_color=&#8220;#FAFAFA&#8220; background_enable_image=&#8220;off&#8220; global_colors_info=&#8220;{}&#8220;][et_pb_row column_structure=&#8220;1_2,1_2&#8243; make_equal=&#8220;on&#8220; _builder_version=&#8220;4.27.4&#8243; _module_preset=&#8220;default&#8220; width=&#8220;85%&#8220; max_width=&#8220;85%&#8220; animation_style=&#8220;slide&#8220; custom_css_main_element=&#8220;align-items:center;&#8220; global_colors_info=&#8220;{}&#8220;][et_pb_column type=&#8220;1_2&#8243; _builder_version=&#8220;4.27.4&#8243; _module_preset=&#8220;default&#8220; global_colors_info=&#8220;{}&#8220;][et_pb_image src=&#8220;https:\/\/tartufi-istra.com\/wp-content\/uploads\/2025\/06\/Obiteljska-pas-1.jpg&#8220; alt=&#8220;Ueber-uns-trueffel-istrien&#8220; _builder_version=&#8220;4.27.4&#8243; _module_preset=&#8220;default&#8220; global_colors_info=&#8220;{}&#8220;][\/et_pb_image][\/et_pb_column][et_pb_column type=&#8220;1_2&#8243; _builder_version=&#8220;4.27.4&#8243; _module_preset=&#8220;default&#8220; global_colors_info=&#8220;{}&#8220;][et_pb_text _builder_version=&#8220;4.27.4&#8243; _module_preset=&#8220;default&#8220; text_text_color=&#8220;#232323&#8243; text_font_size=&#8220;16px&#8220; header_3_font=&#8220;||||||||&#8220; header_3_text_color=&#8220;#000000&#8243; header_3_font_size=&#8220;28px&#8220; header_6_font=&#8220;Kaushan Script||||||||&#8220; header_6_font_size=&#8220;18px&#8220; global_colors_info=&#8220;{}&#8220;]<\/p>\n<h6>Leidenschaft f\u00fcr Tr\u00fcffel<\/h6>\n<h3>VERBINDUNG VON TRADITION UND MODERNEM ANSATZ<\/h3>\n<p>Tartufi Istra bietet nicht nur Produkte, sondern auch eine Geschichte, die jedes Produkt durchdringt. Unsere Leidenschaft f\u00fcr Tr\u00fcffel, kombiniert mit der Liebe zu Istrien und seinen nat\u00fcrlichen Sch\u00e4tzen, f\u00fchrte zur Entwicklung einer Linie von erstklassigen Tr\u00fcffelprodukten. Durch die Verwendung der hochwertigsten heimischen Zutaten aus der istrischen Region bringt jedes unserer Produkte den authentischen Geschmack und Duft Istriens mit sich. Von Oliven\u00f6l mit Tr\u00fcffeln \u00fcber Honig mit wei\u00dfem Tr\u00fcffel bis hin zu verschiedenen Aufstrichen und Gew\u00fcrzen &#8211; all unsere Tr\u00fcffelprodukte spiegeln unser Engagement f\u00fcr Qualit\u00e4t und Tradition wider.   <\/p>\n<p>[\/et_pb_text][\/et_pb_column][\/et_pb_row][\/et_pb_section][et_pb_section fb_built=&#8220;1&#8243; _builder_version=&#8220;4.27.4&#8243; _module_preset=&#8220;default&#8220; global_colors_info=&#8220;{}&#8220;][et_pb_row column_structure=&#8220;1_3,1_3,1_3&#8243; _builder_version=&#8220;4.27.4&#8243; _module_preset=&#8220;default&#8220; animation_style=&#8220;fade&#8220; global_colors_info=&#8220;{}&#8220;][et_pb_column type=&#8220;1_3&#8243; _builder_version=&#8220;4.27.4&#8243; _module_preset=&#8220;default&#8220; global_colors_info=&#8220;{}&#8220;][et_pb_image src=&#8220;https:\/\/tartufi-istra.com\/wp-content\/uploads\/2025\/06\/o-nama-2.jpg&#8220; alt=&#8220;o-nama-2&#8243; show_in_lightbox=&#8220;on&#8220; _builder_version=&#8220;4.27.4&#8243; _module_preset=&#8220;default&#8220; global_colors_info=&#8220;{}&#8220;][\/et_pb_image][\/et_pb_column][et_pb_column type=&#8220;1_3&#8243; _builder_version=&#8220;4.27.4&#8243; _module_preset=&#8220;default&#8220; global_colors_info=&#8220;{}&#8220;][et_pb_image src=&#8220;https:\/\/tartufi-istra.com\/wp-content\/uploads\/2025\/06\/o-nama-3.jpg&#8220; alt=&#8220;o-nama-3&#8243; show_in_lightbox=&#8220;on&#8220; _builder_version=&#8220;4.27.4&#8243; _module_preset=&#8220;default&#8220; global_colors_info=&#8220;{}&#8220;][\/et_pb_image][\/et_pb_column][et_pb_column type=&#8220;1_3&#8243; _builder_version=&#8220;4.27.4&#8243; _module_preset=&#8220;default&#8220; global_colors_info=&#8220;{}&#8220;][et_pb_image src=&#8220;https:\/\/tartufi-istra.com\/wp-content\/uploads\/2025\/06\/o-nama-4.jpg&#8220; alt=&#8220;o-nama-4&#8243; show_in_lightbox=&#8220;on&#8220; _builder_version=&#8220;4.27.4&#8243; _module_preset=&#8220;default&#8220; global_colors_info=&#8220;{}&#8220;][\/et_pb_image][\/et_pb_column][\/et_pb_row][et_pb_row _builder_version=&#8220;4.27.4&#8243; _module_preset=&#8220;default&#8220; global_colors_info=&#8220;{}&#8220;][et_pb_column type=&#8220;4_4&#8243; _builder_version=&#8220;4.27.4&#8243; _module_preset=&#8220;default&#8220; global_colors_info=&#8220;{}&#8220;][et_pb_text _builder_version=&#8220;4.27.4&#8243; _module_preset=&#8220;default&#8220; text_text_color=&#8220;#232323&#8243; text_font_size=&#8220;16px&#8220; header_3_font=&#8220;||||||||&#8220; header_3_text_align=&#8220;center&#8220; header_3_text_color=&#8220;#000000&#8243; header_3_font_size=&#8220;28px&#8220; header_6_font=&#8220;Kaushan Script||||||||&#8220; header_6_font_size=&#8220;18px&#8220; text_orientation=&#8220;center&#8220; global_colors_info=&#8220;{}&#8220;]<\/p>\n<p>Istrien ist ein wahres gastronomisches Ziel, bekannt f\u00fcr seine reiche Geschichte, sein kulturelles Erbe und nat\u00fcrlich f\u00fcr seine Tr\u00fcffel &#8211; das wahre Gold Istriens. Diese wunderbare Halbinsel, die von den R\u00f6mern Terra Magica genannt wurde, ist die Heimat der Tr\u00fcffel, unterirdischer Pilze, die Feinschmecker auf der ganzen Welt begeistern. Tartufi Istra, ein kleines Familienunternehmen im Herzen Istriens, widmet sich der Herstellung hochwertiger Tr\u00fcffelprodukte, entstanden aus generationen\u00fcbergreifender Tradition und Liebe zu diesem wertvollen Geschenk der Natur.  <\/p>\n<p>[\/et_pb_text][\/et_pb_column][\/et_pb_row][\/et_pb_section][et_pb_section fb_built=&#8220;1&#8243; _builder_version=&#8220;4.27.4&#8243; _module_preset=&#8220;default&#8220; background_color=&#8220;#151515&#8243; global_colors_info=&#8220;{}&#8220;][et_pb_row column_structure=&#8220;1_2,1_2&#8243; make_equal=&#8220;on&#8220; _builder_version=&#8220;4.27.4&#8243; _module_preset=&#8220;default&#8220; width=&#8220;85%&#8220; max_width=&#8220;85%&#8220; custom_css_main_element=&#8220;align-items:center;&#8220; global_colors_info=&#8220;{}&#8220;][et_pb_column type=&#8220;1_2&#8243; _builder_version=&#8220;4.27.4&#8243; _module_preset=&#8220;default&#8220; animation_style=&#8220;slide&#8220; animation_direction=&#8220;left&#8220; global_colors_info=&#8220;{}&#8220;][et_pb_text _builder_version=&#8220;4.27.4&#8243; _module_preset=&#8220;default&#8220; text_text_color=&#8220;#FFFFFF&#8220; text_font_size=&#8220;16px&#8220; header_3_font=&#8220;||||||||&#8220; header_3_text_color=&#8220;#FFFFFF&#8220; header_3_font_size=&#8220;28px&#8220; header_6_font=&#8220;Kaushan Script||||||||&#8220; header_6_text_color=&#8220;#D1B77B&#8220; header_6_font_size=&#8220;18px&#8220; global_colors_info=&#8220;{}&#8220;]<\/p>\n<h6>Herz der Tr\u00fcffel<\/h6>\n<h3>MOTOVUN<\/h3>\n<p>Auf einem H\u00fcgel \u00fcber dem Tal des Flusses Mirna gelegen, ist Motovun ein historisches St\u00e4dtchen mit reicher Tradition und nat\u00fcrlicher Sch\u00f6nheit. Neben der Austragung einiger der bekanntesten istrischen Festivals ist Motovun auch einer der weltweit bekanntesten Lebensr\u00e4ume f\u00fcr den wei\u00dfen Tr\u00fcffel (Tuber magnatum Pico). Der Wald von Motovun, bekannt f\u00fcr seine biologische Vielfalt, verbirgt viele wertvolle Tr\u00fcffel, die der Stolz unserer Region sind. Die Qualit\u00e4t und der Reichtum unserer Tr\u00fcffel pr\u00e4gen in hohem Ma\u00dfe unser Angebot und sind die Grundlage f\u00fcr all unsere Produkte.   <\/p>\n<p>[\/et_pb_text][et_pb_button button_url=&#8220;https:\/\/tartufi-istra.com\/de\/verkostungsraum-trueffel-shop\/&#8220; button_text=&#8220;Erfahren Sie mehr&#8220; _builder_version=&#8220;4.27.4&#8243; _module_preset=&#8220;default&#8220; custom_button=&#8220;on&#8220; button_text_size=&#8220;18px&#8220; button_text_color=&#8220;#000000&#8243; button_bg_color=&#8220;#FFFFFF&#8220; button_border_width=&#8220;2px&#8220; button_border_color=&#8220;#FFFFFF&#8220; button_border_radius=&#8220;3px&#8220; button_font=&#8220;|||on|||||&#8220; button_use_icon=&#8220;off&#8220; global_colors_info=&#8220;{}&#8220; button_border_color__hover_enabled=&#8220;on|hover&#8220; button_border_color__hover=&#8220;#D1B77B&#8220;][\/et_pb_button][\/et_pb_column][et_pb_column type=&#8220;1_2&#8243; _builder_version=&#8220;4.27.4&#8243; _module_preset=&#8220;default&#8220; animation_style=&#8220;slide&#8220; animation_direction=&#8220;right&#8220; global_colors_info=&#8220;{}&#8220;][et_pb_image src=&#8220;https:\/\/tartufi-istra.com\/wp-content\/uploads\/2025\/06\/truffles_istria_slide2.jpg&#8220; alt=&#8220;Srce-tartufa-Motovun&#8220; _builder_version=&#8220;4.27.4&#8243; _module_preset=&#8220;default&#8220; global_colors_info=&#8220;{}&#8220;][\/et_pb_image][\/et_pb_column][\/et_pb_row][\/et_pb_section][et_pb_section fb_built=&#8220;1&#8243; _builder_version=&#8220;4.27.4&#8243; _module_preset=&#8220;default&#8220; global_colors_info=&#8220;{}&#8220;][et_pb_row _builder_version=&#8220;4.27.4&#8243; _module_preset=&#8220;default&#8220; animation_style=&#8220;fade&#8220; global_colors_info=&#8220;{}&#8220;][et_pb_column type=&#8220;4_4&#8243; _builder_version=&#8220;4.27.4&#8243; _module_preset=&#8220;default&#8220; global_colors_info=&#8220;{}&#8220;][et_pb_text _builder_version=&#8220;4.27.4&#8243; _module_preset=&#8220;default&#8220; text_text_color=&#8220;#232323&#8243; text_font_size=&#8220;16px&#8220; header_3_font=&#8220;||||||||&#8220; header_3_text_align=&#8220;center&#8220; header_3_text_color=&#8220;#000000&#8243; header_3_font_size=&#8220;28px&#8220; header_6_font=&#8220;Kaushan Script||||||||&#8220; header_6_font_size=&#8220;18px&#8220; text_orientation=&#8220;center&#8220; global_colors_info=&#8220;{}&#8220;]<\/p>\n<h3>WARUM TARTUFI ISTRA?<\/h3>\n<ul>\n<li style=\"list-style-type: none;\">\n<ul>\n<li data-start=\"2561\" data-end=\"2669\">\n<p data-start=\"2563\" data-end=\"2669\" style=\"text-align: left;\"><strong data-start=\"2563\" data-end=\"2579\">Authentizit\u00e4t<\/strong>: Unsere Produkte basieren auf Familientradition und langj\u00e4hriger Leidenschaft f\u00fcr Tr\u00fcffel.<\/p>\n<\/li>\n<li data-start=\"2670\" data-end=\"2767\">\n<p data-start=\"2672\" data-end=\"2767\" style=\"text-align: left;\"><strong data-start=\"2672\" data-end=\"2692\">Hohe Qualit\u00e4t<\/strong>: Alle unsere Produkte werden aus hochwertigen, einheimischen Zutaten hergestellt.<\/p>\n<\/li>\n<li data-start=\"2768\" data-end=\"2893\">\n<p data-start=\"2770\" data-end=\"2893\" style=\"text-align: left;\"><strong data-start=\"2770\" data-end=\"2787\">Lokale Geschm\u00e4cker<\/strong>: Alle unsere Produkte stammen aus der istrischen Region, wodurch wir die lokale Gemeinschaft und die Erhaltung der Tradition unterst\u00fctzen.<\/p>\n<\/li>\n<li data-start=\"2894\" data-end=\"3012\">\n<p data-start=\"2896\" data-end=\"3012\" style=\"text-align: left;\"><strong data-start=\"2896\" data-end=\"2915\">Tr\u00fcffel aus Motovun<\/strong>: Alle unsere Tr\u00fcffel stammen aus dem Wald von Motovun, einem der weltweit bekanntesten Tr\u00fcffelhabitate.<\/p>\n<\/li>\n<\/ul>\n<\/li>\n<\/ul>\n<p>[\/et_pb_text][et_pb_image src=&#8220;https:\/\/tartufi-istra.com\/wp-content\/uploads\/2025\/06\/kusaonica.jpg&#8220; alt=&#8220;kusaonica&#8220; show_in_lightbox=&#8220;on&#8220; _builder_version=&#8220;4.27.4&#8243; _module_preset=&#8220;default&#8220; global_colors_info=&#8220;{}&#8220;][\/et_pb_image][\/et_pb_column][\/et_pb_row][\/et_pb_section][et_pb_section fb_built=&#8220;1&#8243; _builder_version=&#8220;4.27.4&#8243; _module_preset=&#8220;default&#8220; background_enable_color=&#8220;off&#8220; global_colors_info=&#8220;{}&#8220;][et_pb_row _builder_version=&#8220;4.27.4&#8243; _module_preset=&#8220;default&#8220; global_colors_info=&#8220;{}&#8220;][et_pb_column type=&#8220;4_4&#8243; _builder_version=&#8220;4.27.4&#8243; _module_preset=&#8220;default&#8220; global_colors_info=&#8220;{}&#8220;][et_pb_heading title=&#8220;ENTDECKEN SIE PRODUKTE MIT TR\u00dcFFELN&#8220; _builder_version=&#8220;4.27.4&#8243; _module_preset=&#8220;default&#8220; title_level=&#8220;h2&#8243; title_font=&#8220;|300|||||||&#8220; title_text_color=&#8220;#000000&#8243; title_font_size=&#8220;32px&#8220; global_colors_info=&#8220;{}&#8220;][\/et_pb_heading][\/et_pb_column][\/et_pb_row][et_pb_row _builder_version=&#8220;4.27.4&#8243; _module_preset=&#8220;default&#8220; global_colors_info=&#8220;{}&#8220;][et_pb_column type=&#8220;4_4&#8243; _builder_version=&#8220;4.27.4&#8243; _module_preset=&#8220;default&#8220; global_colors_info=&#8220;{}&#8220;][et_pb_shop posts_number=&#8220;8&#8243; columns_number=&#8220;4&#8243; icon_hover_color=&#8220;#D1B77B&#8220; show_rating=&#8220;off&#8220; _builder_version=&#8220;4.27.4&#8243; _module_preset=&#8220;default&#8220; title_font_size=&#8220;18px&#8220; price_text_color=&#8220;#232323&#8243; price_font_size=&#8220;16px&#8220; global_colors_info=&#8220;{}&#8220;][\/et_pb_shop][\/et_pb_column][\/et_pb_row][\/et_pb_section]<\/p>\n","protected":false},"excerpt":{"rendered":"<p>Tr\u00fcffel Istrien \u00dcBER UNS Entdecken Sie die Welt der Tr\u00fcffel in IstrienFAMILIENTRADITION Unsere Geschichte der Familie Bartoli\u0107 beginnt in den f\u00fcnfziger Jahren des letzten Jahrhunderts, als unser Gro\u00dfvater aus reinem Hobby begann, in den istrischen W\u00e4ldern Tr\u00fcffel zu jagen. Zu dieser Zeit wurden Tr\u00fcffel nicht so gesch\u00e4tzt wie heute, und ihr Wert kam nicht einmal&hellip;<\/p>\n","protected":false},"author":1,"featured_media":1471,"parent":0,"menu_order":0,"comment_status":"closed","ping_status":"closed","template":"","meta":{"_et_pb_use_builder":"on","_et_pb_old_content":"","_et_gb_content_width":"","footnotes":""},"class_list":["post-2013","page","type-page","status-publish","has-post-thumbnail","hentry"],"aioseo_notices":[],"_links":{"self":[{"href":"https:\/\/tartufi-istra.com\/de\/wp-json\/wp\/v2\/pages\/2013","targetHints":{"allow":["GET"]}}],"collection":[{"href":"https:\/\/tartufi-istra.com\/de\/wp-json\/wp\/v2\/pages"}],"about":[{"href":"https:\/\/tartufi-istra.com\/de\/wp-json\/wp\/v2\/types\/page"}],"author":[{"embeddable":true,"href":"https:\/\/tartufi-istra.com\/de\/wp-json\/wp\/v2\/users\/1"}],"replies":[{"embeddable":true,"href":"https:\/\/tartufi-istra.com\/de\/wp-json\/wp\/v2\/comments?post=2013"}],"version-history":[{"count":0,"href":"https:\/\/tartufi-istra.com\/de\/wp-json\/wp\/v2\/pages\/2013\/revisions"}],"wp:featuredmedia":[{"embeddable":true,"href":"https:\/\/tartufi-istra.com\/de\/wp-json\/wp\/v2\/media\/1471"}],"wp:attachment":[{"href":"https:\/\/tartufi-istra.com\/de\/wp-json\/wp\/v2\/media?parent=2013"}],"curies":[{"name":"wp","href":"https:\/\/api.w.org\/{rel}","templated":true}]}}