{"id":2519,"date":"2025-07-08T11:51:58","date_gmt":"2025-07-08T11:51:58","guid":{"rendered":"https:\/\/tartufi-istra.com\/trueffeljagd-in-istrien\/"},"modified":"2026-03-22T23:28:28","modified_gmt":"2026-03-22T23:28:28","slug":"trueffeljagd-in-istrien","status":"publish","type":"page","link":"https:\/\/tartufi-istra.com\/de\/trueffeljagd-in-istrien\/","title":{"rendered":"Tr\u00fcffeljagd in Istrien"},"content":{"rendered":"<p>[et_pb_section fb_built=&#8220;1&#8243; _builder_version=&#8220;4.27.4&#8243; _module_preset=&#8220;default&#8220; background_enable_color=&#8220;off&#8220; use_background_color_gradient=&#8220;on&#8220; background_color_gradient_stops=&#8220;rgba(0,0,0,0.4) 0%|rgba(0,0,0,0.4) 100%&#8220; background_color_gradient_overlays_image=&#8220;on&#8220; background_image=&#8220;https:\/\/tartufi-istra.com\/wp-content\/uploads\/2025\/06\/lov-na-tartufe-7.jpg&#8220; background_position=&#8220;top_right&#8220; background_vertical_offset=&#8220;17%&#8220; height=&#8220;350px&#8220; custom_margin=&#8220;40px||||false|false&#8220; custom_css_main_element=&#8220;display: flex;||  justify-content: center;  \/* horizontal *\/||  align-items: center; &#8220; global_colors_info=&#8220;{}&#8220;][et_pb_row make_equal=&#8220;on&#8220; _builder_version=&#8220;4.27.4&#8243; _module_preset=&#8220;default&#8220; custom_css_main_element=&#8220;align-items: center;&#8220; global_colors_info=&#8220;{}&#8220;][et_pb_column type=&#8220;4_4&#8243; _builder_version=&#8220;4.27.4&#8243; _module_preset=&#8220;default&#8220; global_colors_info=&#8220;{}&#8220;][et_pb_text content_tablet=&#8220;<\/p>\n<h6>Tr\u00fcffel Istrien<\/h6>\n<h1>TR\u00dcFFELSUCHE IN ISTRIEN<\/h1>\n<p>Wenn Sie den wahren Zauber Istriens erleben m\u00f6chten, dann ist die <strong data-start=%22316%22 data-end=%22334%22>Tr\u00fcffelsuche<\/strong> im ber\u00fchmten <strong data-start=%22345%22 data-end=%22365%22>Motovun-Wald<\/strong> ein Erlebnis, das Sie sich nicht entgehen lassen sollten.<\/p>\n<p data-start=%22265%22 data-end=%22592%22>Am Fu\u00dfe des malerischen mittelalterlichen St\u00e4dtchens Motovun erstreckt sich der dichte gr\u00fcne Teppich des <strong data-start=%22497%22 data-end=%22516%22>Motovun-Waldes<\/strong>, eines der bekanntesten und reichsten Tr\u00fcffelhabitate der Welt.<\/p>\n<p>&#8220; content_phone=&#8220;<\/p>\n<h6>Tr\u00fcffel Istrien<\/h6>\n<h1>TR\u00dcFFELSUCHE IN ISTRIEN<\/h1>\n<p>Wenn Sie den wahren Zauber Istriens erleben m\u00f6chten, dann ist die <strong data-start=%22316%22 data-end=%22334%22>Tr\u00fcffelsuche<\/strong> im ber\u00fchmten <strong data-start=%22345%22 data-end=%22365%22>Motovun-Wald<\/strong> ein Erlebnis, das Sie sich nicht entgehen lassen sollten.<\/p>\n<p>&#8220; content_last_edited=&#8220;on|phone&#8220; _builder_version=&#8220;4.27.4&#8243; _module_preset=&#8220;default&#8220; text_text_color=&#8220;#FFFFFF&#8220; link_text_color=&#8220;#FFFFFF&#8220; header_font=&#8220;Times New Roman||||||||&#8220; header_text_align=&#8220;center&#8220; header_text_color=&#8220;#FFFFFF&#8220; header_font_size=&#8220;3em&#8220; header_3_font=&#8220;|300|||||||&#8220; header_3_text_align=&#8220;center&#8220; header_3_text_color=&#8220;#000000&#8243; header_3_font_size=&#8220;32px&#8220; header_6_font=&#8220;Kaushan Script||||||||&#8220; header_6_text_align=&#8220;center&#8220; header_6_text_color=&#8220;#D1B77B&#8220; header_6_font_size=&#8220;18px&#8220; text_orientation=&#8220;center&#8220; global_colors_info=&#8220;{}&#8220;]<\/p>\n<h6>Tr\u00fcffel Istrien<\/h6>\n<h1>TR\u00dcFFELSUCHE IN ISTRIEN<\/h1>\n<p>Unsere gef\u00fchrten Tr\u00fcffelsuch-Touren in Istrien finden in der nat\u00fcrlichen Umgebung des <strong data-start=\"814\" data-end=\"837\">Mirna-Flusstals<\/strong>, am Fu\u00dfe von Motovun \u2013 der bekannten Tr\u00fcffelmetropole \u2013 statt. In Begleitung eines <span style=\"text-decoration: underline;\"><a href=\"https:\/\/tartufi-istra.com\/de\/ueber-uns\/\"><strong data-start=\"893\" data-end=\"915\">erfahrenen Tr\u00fcffelsuchers<\/strong><\/a><\/span> und speziell ausgebildeter Sp\u00fcrhunde erleben Sie die Spannung, w\u00e4hrend Sie gemeinsam nach diesem unterirdisch verborgenen gastronomischen Schatz suchen. <\/p>\n<p>[\/et_pb_text][\/et_pb_column][\/et_pb_row][\/et_pb_section][et_pb_section fb_built=&#8220;1&#8243; _builder_version=&#8220;4.27.4&#8243; _module_preset=&#8220;default&#8220; global_colors_info=&#8220;{}&#8220;][et_pb_row _builder_version=&#8220;4.27.4&#8243; _module_preset=&#8220;default&#8220; animation_style=&#8220;fade&#8220; global_colors_info=&#8220;{}&#8220;][et_pb_column type=&#8220;4_4&#8243; _builder_version=&#8220;4.27.4&#8243; _module_preset=&#8220;default&#8220; global_colors_info=&#8220;{}&#8220;][et_pb_text _builder_version=&#8220;4.27.4&#8243; _module_preset=&#8220;default&#8220; text_text_color=&#8220;#232323&#8243; text_font_size=&#8220;16px&#8220; header_2_font=&#8220;||||||||&#8220; header_2_text_align=&#8220;center&#8220; header_2_text_color=&#8220;#000000&#8243; header_2_font_size=&#8220;28px&#8220; header_3_font=&#8220;||||||||&#8220; header_3_text_align=&#8220;center&#8220; header_3_text_color=&#8220;#000000&#8243; header_3_font_size=&#8220;28px&#8220; header_6_font=&#8220;Kaushan Script||||||||&#8220; header_6_font_size=&#8220;18px&#8220; text_orientation=&#8220;center&#8220; global_colors_info=&#8220;{}&#8220;]<\/p>\n<h2>TR\u00dcFFELSUCHE IN ISTRIEN<\/h2>\n<p>&nbsp;<\/p>\n<p>Istrien ist eine weltweit bekannte Destination, wenn es um die Tr\u00fcffelsuche geht. Genau hier, in den dichten und magischen Gegenden des <strong data-start=\"479\" data-end=\"498\">Motovuner Waldes<\/strong>, verbirgt sich eine der reichsten nat\u00fcrlichen Tr\u00fcffelst\u00e4tten Europas. Begleiten Sie uns auf der <strong data-start=\"590\" data-end=\"617\">Tr\u00fcffelsuche in Istrien<\/strong> und entdecken Sie den Zauber dieser alten Tradition, die in der Familie Bartoli\u0107 \u00fcber Generationen weitergegeben wird. Die Tr\u00fcffelsuche in Istrien ist nicht nur eine Suche \u2013 es ist ein <strong data-start=\"1090\" data-end=\"1125\">Erlebnis, das alle Sinne weckt<\/strong>. W\u00e4hrend Sie durch den jahrhundertealten Eichenwald wandern, genie\u00dfen Sie die unber\u00fchrte Natur, das Zwitschern der V\u00f6gel und die reine Luft \u2013 die Spannung steigt mit jedem Schritt, wenn der Hund inneh\u00e4lt und zu graben beginnt. Das ist der Moment, in dem der <strong data-start=\"1329\" data-end=\"1379\">Tr\u00fcffel aus dem Schatten tritt und zum Star des Tages wird<\/strong>.     <\/p>\n<p>[\/et_pb_text][\/et_pb_column][\/et_pb_row][\/et_pb_section][et_pb_section fb_built=&#8220;1&#8243; _builder_version=&#8220;4.27.4&#8243; _module_preset=&#8220;default&#8220; background_color=&#8220;#FAFAFA&#8220; background_enable_image=&#8220;off&#8220; global_colors_info=&#8220;{}&#8220;][et_pb_row column_structure=&#8220;1_2,1_2&#8243; make_equal=&#8220;on&#8220; _builder_version=&#8220;4.27.4&#8243; _module_preset=&#8220;default&#8220; width=&#8220;85%&#8220; max_width=&#8220;85%&#8220; custom_css_main_element=&#8220;align-items:center;&#8220; global_colors_info=&#8220;{}&#8220;][et_pb_column type=&#8220;1_2&#8243; _builder_version=&#8220;4.27.4&#8243; _module_preset=&#8220;default&#8220; animation_style=&#8220;slide&#8220; animation_direction=&#8220;left&#8220; global_colors_info=&#8220;{}&#8220;][et_pb_image src=&#8220;https:\/\/tartufi-istra.com\/wp-content\/uploads\/2025\/06\/lov-na-tartufe-5.jpg&#8220; alt=&#8220;Tr\u00fcffelsuche in Istrien&#8220; _builder_version=&#8220;4.27.4&#8243; _module_preset=&#8220;default&#8220; max_width=&#8220;75%&#8220; global_colors_info=&#8220;{}&#8220;][\/et_pb_image][\/et_pb_column][et_pb_column type=&#8220;1_2&#8243; _builder_version=&#8220;4.27.4&#8243; _module_preset=&#8220;default&#8220; animation_style=&#8220;slide&#8220; global_colors_info=&#8220;{}&#8220;][et_pb_text _builder_version=&#8220;4.27.4&#8243; _module_preset=&#8220;default&#8220; text_text_color=&#8220;#232323&#8243; text_font_size=&#8220;16px&#8220; header_3_font=&#8220;||||||||&#8220; header_3_text_color=&#8220;#000000&#8243; header_3_font_size=&#8220;28px&#8220; header_6_font=&#8220;Kaushan Script||||||||&#8220; header_6_font_size=&#8220;18px&#8220; global_colors_info=&#8220;{}&#8220;]<\/p>\n<h3>WAS BEINHALTET DIE TR\u00dcFFELSUCHE IN ISTRIEN?<\/h3>\n<ul>\n<li data-start=\"1423\" data-end=\"1538\">\n<p data-start=\"1425\" data-end=\"1538\">Einf\u00fchrung in die Welt der Tr\u00fcffel: Erfahren Sie alles \u00fcber Tr\u00fcffelarten, Saisonalit\u00e4t und ihre Bedeutung in der istrischen Gastronomie.<\/p>\n<\/li>\n<li data-start=\"1539\" data-end=\"1604\">\n<p data-start=\"1541\" data-end=\"1604\">Vorf\u00fchrung der Arbeit von Sp\u00fcrhunden und interaktive Tr\u00fcffelsuche<\/p>\n<\/li>\n<li data-start=\"1605\" data-end=\"1680\">\n<p data-start=\"1607\" data-end=\"1680\">Verkostung von Tr\u00fcffelspezialit\u00e4ten: K\u00e4se, Salami, Butter, \u00d6l, Honig und Wein<\/p>\n<\/li>\n<li data-start=\"1681\" data-end=\"1763\">\n<p data-start=\"1683\" data-end=\"1763\">M\u00f6glichkeit zum Kauf von frischen Tr\u00fcffeln und erstklassigen Produkten direkt vom Erzeuger<\/p>\n<\/li>\n<li data-start=\"1764\" data-end=\"1808\">\n<p data-start=\"1766\" data-end=\"1808\">Personalisiertes Erlebnis in kleinen Gruppen<\/p>\n<\/li>\n<\/ul>\n<p>[\/et_pb_text][et_pb_button button_url=&#8220;https:\/\/tartufi-istra.com\/de\/ture\/&#8220; button_text=&#8220;TERMIN BUCHEN&#8220; _builder_version=&#8220;4.27.6&#8243; _module_preset=&#8220;default&#8220; custom_button=&#8220;on&#8220; button_text_size=&#8220;18px&#8220; button_text_color=&#8220;#FFFFFF&#8220; button_bg_color=&#8220;#000000&#8243; button_use_icon=&#8220;off&#8220; hover_enabled=&#8220;0&#8243; global_colors_info=&#8220;{}&#8220; button_border_color__hover_enabled=&#8220;on|hover&#8220; button_border_color__hover=&#8220;#D1B77B&#8220; sticky_enabled=&#8220;0&#8243;][\/et_pb_button][\/et_pb_column][\/et_pb_row][\/et_pb_section][et_pb_section fb_built=&#8220;1&#8243; _builder_version=&#8220;4.27.4&#8243; _module_preset=&#8220;default&#8220; global_colors_info=&#8220;{}&#8220;][et_pb_row _builder_version=&#8220;4.27.4&#8243; _module_preset=&#8220;default&#8220; global_colors_info=&#8220;{}&#8220;][et_pb_column type=&#8220;4_4&#8243; _builder_version=&#8220;4.27.4&#8243; _module_preset=&#8220;default&#8220; global_colors_info=&#8220;{}&#8220;][et_pb_text _builder_version=&#8220;4.27.4&#8243; _module_preset=&#8220;default&#8220; text_text_color=&#8220;#232323&#8243; text_font_size=&#8220;16px&#8220; link_text_color=&#8220;#000000&#8243; header_3_font=&#8220;||||||||&#8220; header_3_text_align=&#8220;center&#8220; header_3_text_color=&#8220;#000000&#8243; header_3_font_size=&#8220;28px&#8220; header_6_font=&#8220;Kaushan Script||||||||&#8220; header_6_font_size=&#8220;18px&#8220; animation_style=&#8220;fade&#8220; global_colors_info=&#8220;{}&#8220;]<\/p>\n<h3>WARUM DIE TR\u00dcFFELSUCHE IN ISTRIEN W\u00c4HLEN?<\/h3>\n<ul>\n<li data-start=\"1858\" data-end=\"1950\">\n<p data-start=\"1860\" data-end=\"1950\"><strong data-start=\"1860\" data-end=\"1876\">Authentizit\u00e4t<\/strong>: Die Suche findet in echten Tr\u00fcffelhabitaten statt \u2013 ohne touristische Tricks.<\/p>\n<\/li>\n<li data-start=\"1951\" data-end=\"2039\">\n<p data-start=\"1953\" data-end=\"2039\"><strong data-start=\"1953\" data-end=\"1965\">Erfahrung<\/strong>: Mehr als 70 Jahre Familientradition in der Tr\u00fcffelsuche und -verarbeitung.<\/p>\n<\/li>\n<li data-start=\"2040\" data-end=\"2154\">\n<p data-start=\"2042\" data-end=\"2154\"><strong data-start=\"2042\" data-end=\"2054\">Lage<\/strong>: Der Motovuner Wald ist das gr\u00f6\u00dfte nat\u00fcrliche Vorkommen des <a href=\"https:\/\/tartufi-istra.com\/de\/webshop\/frische-trueffel\/\"><span style=\"text-decoration: underline;\"><strong data-start=\"2101\" data-end=\"2142\">wei\u00dfen Tr\u00fcffels (Tuber Magnatum Pico)<\/strong><\/span><\/a> in Europa.<\/p>\n<\/li>\n<li data-start=\"2155\" data-end=\"2252\">\n<p data-start=\"2157\" data-end=\"2252\"><strong data-start=\"2157\" data-end=\"2172\">Eindrucksvoll<\/strong>: Ein Erlebnis, das Natur, Kultur und Gastronomie in einem perfekten Paket vereint.<\/p>\n<\/li>\n<\/ul>\n<p>[\/et_pb_text][\/et_pb_column][\/et_pb_row][et_pb_row column_structure=&#8220;1_3,1_3,1_3&#8243; use_custom_gutter=&#8220;on&#8220; gutter_width=&#8220;2&#8243; _builder_version=&#8220;4.27.4&#8243; _module_preset=&#8220;default&#8220; max_width=&#8220;100%&#8220; global_colors_info=&#8220;{}&#8220;][et_pb_column type=&#8220;1_3&#8243; _builder_version=&#8220;4.27.4&#8243; _module_preset=&#8220;default&#8220; animation_style=&#8220;fade&#8220; animation_delay=&#8220;100ms&#8220; global_colors_info=&#8220;{}&#8220;][et_pb_image src=&#8220;https:\/\/tartufi-istra.com\/wp-content\/uploads\/2025\/06\/lov-na-tartufe-10.jpg&#8220; alt=&#8220;Gruppe bei der Tr\u00fcffelsuche in Istrien&#8220; show_in_lightbox=&#8220;on&#8220; _builder_version=&#8220;4.27.4&#8243; _module_preset=&#8220;default&#8220; global_colors_info=&#8220;{}&#8220;][\/et_pb_image][\/et_pb_column][et_pb_column type=&#8220;1_3&#8243; _builder_version=&#8220;4.27.4&#8243; _module_preset=&#8220;default&#8220; animation_style=&#8220;fade&#8220; animation_delay=&#8220;150ms&#8220; global_colors_info=&#8220;{}&#8220;][et_pb_image src=&#8220;https:\/\/tartufi-istra.com\/wp-content\/uploads\/2025\/06\/lov-na-tartufe-6.jpg&#8220; alt=&#8220;Tr\u00fcffelsp\u00fcrhund&#8220; show_in_lightbox=&#8220;on&#8220; _builder_version=&#8220;4.27.4&#8243; _module_preset=&#8220;default&#8220; global_colors_info=&#8220;{}&#8220;][\/et_pb_image][\/et_pb_column][et_pb_column type=&#8220;1_3&#8243; _builder_version=&#8220;4.27.4&#8243; _module_preset=&#8220;default&#8220; animation_style=&#8220;fade&#8220; animation_delay=&#8220;150ms&#8220; global_colors_info=&#8220;{}&#8220;][et_pb_image src=&#8220;https:\/\/tartufi-istra.com\/wp-content\/uploads\/2025\/06\/lov-na-tartufe-4.jpg&#8220; alt=&#8220;Tr\u00fcffelsucher in Istrien&#8220; show_in_lightbox=&#8220;on&#8220; _builder_version=&#8220;4.27.4&#8243; _module_preset=&#8220;default&#8220; global_colors_info=&#8220;{}&#8220;][\/et_pb_image][\/et_pb_column][\/et_pb_row][\/et_pb_section][et_pb_section fb_built=&#8220;1&#8243; _builder_version=&#8220;4.27.4&#8243; _module_preset=&#8220;default&#8220; background_color=&#8220;#FAFAFA&#8220; background_enable_image=&#8220;off&#8220; global_colors_info=&#8220;{}&#8220;][et_pb_row column_structure=&#8220;1_2,1_2&#8243; make_equal=&#8220;on&#8220; _builder_version=&#8220;4.27.4&#8243; _module_preset=&#8220;default&#8220; width=&#8220;85%&#8220; max_width=&#8220;85%&#8220; custom_css_main_element=&#8220;align-items:center;&#8220; global_colors_info=&#8220;{}&#8220;][et_pb_column type=&#8220;1_2&#8243; _builder_version=&#8220;4.27.4&#8243; _module_preset=&#8220;default&#8220; global_colors_info=&#8220;{}&#8220;][et_pb_image src=&#8220;https:\/\/tartufi-istra.com\/wp-content\/uploads\/2025\/06\/lov-na-tartufe-7.jpg&#8220; alt=&#8220;Gruppen-Tr\u00fcffelsuche in Istrien&#8220; _builder_version=&#8220;4.27.4&#8243; _module_preset=&#8220;default&#8220; global_colors_info=&#8220;{}&#8220;][\/et_pb_image][\/et_pb_column][et_pb_column type=&#8220;1_2&#8243; _builder_version=&#8220;4.27.4&#8243; _module_preset=&#8220;default&#8220; global_colors_info=&#8220;{}&#8220;][et_pb_text _builder_version=&#8220;4.27.4&#8243; _module_preset=&#8220;default&#8220; text_text_color=&#8220;#232323&#8243; text_font_size=&#8220;16px&#8220; header_3_font=&#8220;||||||||&#8220; header_3_text_color=&#8220;#000000&#8243; header_3_font_size=&#8220;28px&#8220; header_6_font=&#8220;Kaushan Script||||||||&#8220; header_6_font_size=&#8220;18px&#8220; animation_style=&#8220;fade&#8220; global_colors_info=&#8220;{}&#8220;]<\/p>\n<h3>IDEAL F\u00dcR PAARE, FAMILIEN UND GRUPPEN<\/h3>\n<p>Egal, ob Sie ein Naturliebhaber, Feinschmecker sind oder den perfekten Ausflug in Istrien suchen \u2013 die <strong data-start=\"2384\" data-end=\"2410\">Tr\u00fcffelsuche in Istrien<\/strong> wird Sie begeistern. Diese Aktivit\u00e4t ist ideal f\u00fcr Paare, Familien mit Kindern, Freundesgruppen und alle, die w\u00e4hrend ihres Aufenthalts in Istrien etwas Besonderes erleben m\u00f6chten. <\/p>\n<h3><strong data-start=\"3566\" data-end=\"3603\" style=\"font-size: 16px; color: #232323;\">Tr\u00fcffelsuche im Motovuner Wald<\/strong><span style=\"font-size: 16px; color: #232323; font-weight: 400;\"> ist eines der au\u00dfergew\u00f6hnlichsten Erlebnisse, die Istrien zu bieten hat. Ob Sie als Gast des Bed &amp; Breakfast Antico, Besucher unserer Verkostungsr\u00e4ume in Motovun, Rovinj oder Pore\u010d, oder als zuf\u00e4lliger Durchreisender durch das magische Istrien kommen, dieses Erlebnis wird Ihnen f\u00fcr immer in Erinnerung bleiben. <\/span><\/h3>\n<p>&nbsp;<\/p>\n<p>[\/et_pb_text][\/et_pb_column][\/et_pb_row][\/et_pb_section][et_pb_section fb_built=&#8220;1&#8243; module_id=&#8220;terminreservierung&#8220; _builder_version=&#8220;4.27.4&#8243; _module_preset=&#8220;default&#8220; global_colors_info=&#8220;{}&#8220;][et_pb_row _builder_version=&#8220;4.27.4&#8243; _module_preset=&#8220;default&#8220; global_colors_info=&#8220;{}&#8220;][et_pb_column type=&#8220;4_4&#8243; _builder_version=&#8220;4.27.4&#8243; _module_preset=&#8220;default&#8220; global_colors_info=&#8220;{}&#8220;][et_pb_text _builder_version=&#8220;4.27.4&#8243; _module_preset=&#8220;default&#8220; text_text_color=&#8220;#232323&#8243; text_font_size=&#8220;16px&#8220; header_3_font=&#8220;||||||||&#8220; header_3_text_align=&#8220;center&#8220; header_3_text_color=&#8220;#000000&#8243; header_3_font_size=&#8220;28px&#8220; header_6_font=&#8220;Kaushan Script||||||||&#8220; header_6_font_size=&#8220;18px&#8220; text_orientation=&#8220;center&#8220; global_colors_info=&#8220;{}&#8220;]<\/p>\n<h3>RESERVIEREN SIE IHR TR\u00dcFFELSUCHABENTEUER IN ISTRIEN<\/h3>\n<p>Verpassen Sie nicht die Gelegenheit, Teil einer Geschichte zu werden, die unter der Erde geschrieben, aber f\u00fcr immer in Erinnerung bleibt.<br \/>Erleben Sie die Tr\u00fcffelsuche in Istrien und entdecken Sie, warum Tr\u00fcffel mehr als nur Nahrung sind \u2013 sie sind Emotion, Tradition und eine Lebensweise.<\/p>\n<p>[\/et_pb_text][et_pb_button button_url=&#8220;https:\/\/tartufi-istra.com\/de\/ture\/&#8220; button_text=&#8220;TERMIN BUCHEN&#8220; button_alignment=&#8220;center&#8220; _builder_version=&#8220;4.27.6&#8243; _module_preset=&#8220;default&#8220; custom_button=&#8220;on&#8220; button_text_size=&#8220;18px&#8220; button_text_color=&#8220;#FFFFFF&#8220; button_bg_color=&#8220;#000000&#8243; button_use_icon=&#8220;off&#8220; hover_enabled=&#8220;0&#8243; global_colors_info=&#8220;{}&#8220; button_border_color__hover_enabled=&#8220;on|hover&#8220; button_border_color__hover=&#8220;#D1B77B&#8220; sticky_enabled=&#8220;0&#8243;][\/et_pb_button][\/et_pb_column][\/et_pb_row][\/et_pb_section]<\/p>\n","protected":false},"excerpt":{"rendered":"<p>Tr\u00fcffel Istrien TR\u00dcFFELSUCHE IN ISTRIEN Unsere gef\u00fchrten Tr\u00fcffelsuch-Touren in Istrien finden in der nat\u00fcrlichen Umgebung des Mirna-Flusstals, am Fu\u00dfe von Motovun \u2013 der bekannten Tr\u00fcffelmetropole \u2013 statt. In Begleitung eines erfahrenen Tr\u00fcffelsuchers und speziell ausgebildeter Sp\u00fcrhunde erleben Sie die Spannung, w\u00e4hrend Sie gemeinsam nach diesem unterirdisch verborgenen gastronomischen Schatz suchen. TR\u00dcFFELSUCHE IN ISTRIEN &nbsp; Istrien&hellip;<\/p>\n","protected":false},"author":1,"featured_media":1617,"parent":0,"menu_order":0,"comment_status":"closed","ping_status":"closed","template":"","meta":{"_et_pb_use_builder":"on","_et_pb_old_content":"","_et_gb_content_width":"","footnotes":""},"class_list":["post-2519","page","type-page","status-publish","has-post-thumbnail","hentry"],"aioseo_notices":[],"_links":{"self":[{"href":"https:\/\/tartufi-istra.com\/de\/wp-json\/wp\/v2\/pages\/2519","targetHints":{"allow":["GET"]}}],"collection":[{"href":"https:\/\/tartufi-istra.com\/de\/wp-json\/wp\/v2\/pages"}],"about":[{"href":"https:\/\/tartufi-istra.com\/de\/wp-json\/wp\/v2\/types\/page"}],"author":[{"embeddable":true,"href":"https:\/\/tartufi-istra.com\/de\/wp-json\/wp\/v2\/users\/1"}],"replies":[{"embeddable":true,"href":"https:\/\/tartufi-istra.com\/de\/wp-json\/wp\/v2\/comments?post=2519"}],"version-history":[{"count":2,"href":"https:\/\/tartufi-istra.com\/de\/wp-json\/wp\/v2\/pages\/2519\/revisions"}],"predecessor-version":[{"id":5009,"href":"https:\/\/tartufi-istra.com\/de\/wp-json\/wp\/v2\/pages\/2519\/revisions\/5009"}],"wp:featuredmedia":[{"embeddable":true,"href":"https:\/\/tartufi-istra.com\/de\/wp-json\/wp\/v2\/media\/1617"}],"wp:attachment":[{"href":"https:\/\/tartufi-istra.com\/de\/wp-json\/wp\/v2\/media?parent=2519"}],"curies":[{"name":"wp","href":"https:\/\/api.w.org\/{rel}","templated":true}]}}