{"id":2057,"date":"2025-06-16T13:23:16","date_gmt":"2025-06-16T13:23:16","guid":{"rendered":"https:\/\/tartufi-istra.com\/proizvodi\/unkategorisiert\/salami-mit-schwarzem-trueffel\/"},"modified":"2025-06-30T12:54:50","modified_gmt":"2025-06-30T12:54:50","slug":"salami-mit-schwarzem-trueffel","status":"publish","type":"product","link":"https:\/\/tartufi-istra.com\/de\/webshop\/truffelprodukte\/salami-mit-schwarzem-trueffel\/","title":{"rendered":"Salami mit schwarzem Tr\u00fcffel"},"content":{"rendered":"<p>[et_pb_section fb_built=&#8220;1&#8243; _builder_version=&#8220;4.16&#8243; custom_padding=&#8220;0px||||false|false&#8220; global_colors_info=&#8220;{}&#8220;][et_pb_row _builder_version=&#8220;4.16&#8243; background_size=&#8220;initial&#8220; background_position=&#8220;top_left&#8220; background_repeat=&#8220;repeat&#8220; width=&#8220;100%&#8220; custom_padding=&#8220;0px||0px||false|false&#8220; global_colors_info=&#8220;{}&#8220;][et_pb_column type=&#8220;4_4&#8243; _builder_version=&#8220;4.16&#8243; custom_padding=&#8220;|||&#8220; global_colors_info=&#8220;{}&#8220; custom_padding__hover=&#8220;|||&#8220;][et_pb_wc_breadcrumb _builder_version=&#8220;4.16&#8243; global_colors_info=&#8220;{}&#8220;][\/et_pb_wc_breadcrumb][et_pb_wc_cart_notice _builder_version=&#8220;4.16&#8243; global_colors_info=&#8220;{}&#8220;][\/et_pb_wc_cart_notice][\/et_pb_column][\/et_pb_row][et_pb_row column_structure=&#8220;1_2,1_2&#8243; _builder_version=&#8220;4.16&#8243; background_size=&#8220;initial&#8220; background_position=&#8220;top_left&#8220; background_repeat=&#8220;repeat&#8220; width=&#8220;100%&#8220; custom_padding=&#8220;0px||||false|false&#8220; global_colors_info=&#8220;{}&#8220;][et_pb_column type=&#8220;1_2&#8243; _builder_version=&#8220;4.16&#8243; custom_padding=&#8220;|||&#8220; global_colors_info=&#8220;{}&#8220; custom_padding__hover=&#8220;|||&#8220;][et_pb_wc_images _builder_version=&#8220;4.16&#8243; global_colors_info=&#8220;{}&#8220;][\/et_pb_wc_images][\/et_pb_column][et_pb_column type=&#8220;1_2&#8243; _builder_version=&#8220;4.16&#8243; custom_padding=&#8220;|||&#8220; global_colors_info=&#8220;{}&#8220; custom_padding__hover=&#8220;|||&#8220;][et_pb_wc_title _builder_version=&#8220;4.16&#8243; global_colors_info=&#8220;{}&#8220;][\/et_pb_wc_title][et_pb_wc_rating _builder_version=&#8220;4.16&#8243; global_colors_info=&#8220;{}&#8220;][\/et_pb_wc_rating][et_pb_wc_price _builder_version=&#8220;4.16&#8243; global_colors_info=&#8220;{}&#8220;][\/et_pb_wc_price][et_pb_wc_description _builder_version=&#8220;4.16&#8243; global_colors_info=&#8220;{}&#8220;][\/et_pb_wc_description][et_pb_wc_add_to_cart _builder_version=&#8220;4.16&#8243; global_colors_info=&#8220;{}&#8220;][\/et_pb_wc_add_to_cart][et_pb_wc_meta _builder_version=&#8220;4.16&#8243; global_colors_info=&#8220;{}&#8220;][\/et_pb_wc_meta][\/et_pb_column][\/et_pb_row][et_pb_row _builder_version=&#8220;4.16&#8243; background_size=&#8220;initial&#8220; background_position=&#8220;top_left&#8220; background_repeat=&#8220;repeat&#8220; width=&#8220;100%&#8220; global_colors_info=&#8220;{}&#8220;][et_pb_column type=&#8220;4_4&#8243; _builder_version=&#8220;4.16&#8243; custom_padding=&#8220;|||&#8220; global_colors_info=&#8220;{}&#8220; custom_padding__hover=&#8220;|||&#8220;][et_pb_wc_tabs _builder_version=&#8220;4.27.4&#8243; global_colors_info=&#8220;{}&#8220;] [\/et_pb_wc_tabs][et_pb_wc_upsells _builder_version=&#8220;4.16&#8243; global_colors_info=&#8220;{}&#8220;][\/et_pb_wc_upsells][et_pb_wc_related_products _builder_version=&#8220;4.16&#8243; global_colors_info=&#8220;{}&#8220;][\/et_pb_wc_related_products][\/et_pb_column][\/et_pb_row][\/et_pb_section]<\/p>\n","protected":false},"excerpt":{"rendered":"<p data-start=\"162\" data-end=\"536\">Die Tr\u00fcffelsalami ist ein hochwertiges istrisches Wurstprodukt, angereichert mit schwarzem Tr\u00fcffel. Ihr reichhaltiges Aroma und voller Geschmack machen sie zur perfekten Erg\u00e4nzung zu istrischem K\u00e4se, Oliven\u00f6l und einem Glas Malvasia. Diese glutenfreie Delikatesse wird jeden Tr\u00fcffelliebhaber begeistern.  <\/p>\n<p data-start=\"162\" data-end=\"536\"><br data-start=\"482\" data-end=\"485\"><strong data-start=\"485\" data-end=\"498\">Zutaten:<\/strong> Schweinefleisch, schwarzer Tr\u00fcffel (Tuber aestivum Vitt.) min. 3%, Salz, Milcheiwei\u00df, Magermilchpulver. Glutenfrei. <\/p>\n","protected":false},"featured_media":1108,"comment_status":"open","ping_status":"closed","template":"","meta":{"_et_pb_use_builder":"on","_et_pb_old_content":"<div class=\"product_summary_middle\">\n<h1 data-start=\"172\" data-end=\"248\"><strong>Tr\u00fcffelsalami \u2013 Istrische Wurstspezialit\u00e4t mit schwarzen Tr\u00fcffeln<\/strong><\/h1>\n<p data-start=\"738\" data-end=\"1056\">Die Tr\u00fcffelsalami ist eine perfekte Kombination aus traditioneller istrischer Fleischverarbeitung und dem luxuri\u00f6sen Aroma schwarzer Tr\u00fcffel. Diese au\u00dfergew\u00f6hnliche Delikatesse wird aus hochwertigem Schweinefleisch hergestellt, sorgf\u00e4ltig gew\u00fcrzt und mit mindestens 3% schwarzem Tr\u00fcffel (Tuber aestivum Vitt.) angereichert, was ihr einen unverwechselbaren, reichhaltigen und vielschichtigen Geschmack verleiht. <\/p>\n<p data-start=\"1058\" data-end=\"1352\">Was diese Wurst besonders macht, ist ihre Textur, die moderate W\u00fcrze und die au\u00dfergew\u00f6hnliche Balance zwischen der Fleischbasis und der intensiven Tr\u00fcffelnote. Sie ist glutenfrei und damit auch f\u00fcr Menschen mit Glutenunvertr\u00e4glichkeit geeignet, w\u00e4hrend der Zusatz von Milchproteinen zu ihrer Saftigkeit und Struktur beitr\u00e4gt. <\/p>\n<p data-start=\"1354\" data-end=\"1619\">Ideal serviert wird sie als Vorspeise oder als Teil einer istrischen Platte, begleitet von halbfestem Kuh- oder Ziegenk\u00e4se mit Tr\u00fcffeln, einigen Tropfen heimischem extra nativem Oliven\u00f6l und einem Glas trockener istrischer Malvasia. Ein Genuss f\u00fcr den Gaumen und ein Duft, der die Sinne weckt \u2013 ein wahrer Gourmet-Moment! <\/p>\n\n\n<hr data-start=\"2272\" data-end=\"2275\">\n<p data-start=\"2277\" data-end=\"2449\"><strong data-start=\"2277\" data-end=\"2290\">Zutaten:<\/strong> Schweinefleisch, schwarzer Tr\u00fcffel (Tuber aestivum Vitt.) min. 3%, Salz, Milcheiwei\u00df, Magermilchpulver. Glutenfrei. <br data-start=\"2424\" data-end=\"2427\"><strong data-start=\"2427\" data-end=\"2441\">Verpackung:<\/strong> 240 g<\/p>\n\n<\/div>","_et_gb_content_width":""},"product_brand":[],"product_cat":[56],"product_tag":[],"class_list":{"0":"post-2057","1":"product","2":"type-product","3":"status-publish","4":"has-post-thumbnail","6":"product_cat-truffelprodukte","8":"first","9":"instock","10":"sale","11":"shipping-taxable","12":"purchasable","13":"product-type-simple"},"aioseo_notices":[],"_links":{"self":[{"href":"https:\/\/tartufi-istra.com\/de\/wp-json\/wp\/v2\/product\/2057","targetHints":{"allow":["GET"]}}],"collection":[{"href":"https:\/\/tartufi-istra.com\/de\/wp-json\/wp\/v2\/product"}],"about":[{"href":"https:\/\/tartufi-istra.com\/de\/wp-json\/wp\/v2\/types\/product"}],"replies":[{"embeddable":true,"href":"https:\/\/tartufi-istra.com\/de\/wp-json\/wp\/v2\/comments?post=2057"}],"wp:featuredmedia":[{"embeddable":true,"href":"https:\/\/tartufi-istra.com\/de\/wp-json\/wp\/v2\/media\/1108"}],"wp:attachment":[{"href":"https:\/\/tartufi-istra.com\/de\/wp-json\/wp\/v2\/media?parent=2057"}],"wp:term":[{"taxonomy":"product_brand","embeddable":true,"href":"https:\/\/tartufi-istra.com\/de\/wp-json\/wp\/v2\/product_brand?post=2057"},{"taxonomy":"product_cat","embeddable":true,"href":"https:\/\/tartufi-istra.com\/de\/wp-json\/wp\/v2\/product_cat?post=2057"},{"taxonomy":"product_tag","embeddable":true,"href":"https:\/\/tartufi-istra.com\/de\/wp-json\/wp\/v2\/product_tag?post=2057"}],"curies":[{"name":"wp","href":"https:\/\/api.w.org\/{rel}","templated":true}]}}