{"id":2151,"date":"2025-06-16T12:27:10","date_gmt":"2025-06-16T12:27:10","guid":{"rendered":"https:\/\/tartufi-istra.com\/proizvodi\/unkategorisiert\/olivenoel-mit-weissem-trueffel\/"},"modified":"2025-06-30T18:11:54","modified_gmt":"2025-06-30T18:11:54","slug":"olivenoel-mit-weissem-trueffel","status":"publish","type":"product","link":"https:\/\/tartufi-istra.com\/de\/webshop\/truffelprodukte\/olivenoel-mit-weissem-trueffel\/","title":{"rendered":"Oliven\u00f6l mit wei\u00dfem Tr\u00fcffel"},"content":{"rendered":"<p>[et_pb_section fb_built=&#8220;1&#8243; _builder_version=&#8220;4.16&#8243; custom_padding=&#8220;0px||||false|false&#8220; global_colors_info=&#8220;{}&#8220;][et_pb_row _builder_version=&#8220;4.16&#8243; background_size=&#8220;initial&#8220; background_position=&#8220;top_left&#8220; background_repeat=&#8220;repeat&#8220; width=&#8220;100%&#8220; custom_padding=&#8220;0px||0px||false|false&#8220; global_colors_info=&#8220;{}&#8220;][et_pb_column type=&#8220;4_4&#8243; _builder_version=&#8220;4.16&#8243; custom_padding=&#8220;|||&#8220; global_colors_info=&#8220;{}&#8220; custom_padding__hover=&#8220;|||&#8220;][et_pb_wc_breadcrumb _builder_version=&#8220;4.16&#8243; global_colors_info=&#8220;{}&#8220;][\/et_pb_wc_breadcrumb][et_pb_wc_cart_notice _builder_version=&#8220;4.27.4&#8243; global_colors_info=&#8220;{}&#8220;][\/et_pb_wc_cart_notice][\/et_pb_column][\/et_pb_row][et_pb_row column_structure=&#8220;1_2,1_2&#8243; _builder_version=&#8220;4.16&#8243; background_size=&#8220;initial&#8220; background_position=&#8220;top_left&#8220; background_repeat=&#8220;repeat&#8220; width=&#8220;100%&#8220; custom_padding=&#8220;0px||||false|false&#8220; global_colors_info=&#8220;{}&#8220;][et_pb_column type=&#8220;1_2&#8243; _builder_version=&#8220;4.16&#8243; custom_padding=&#8220;|||&#8220; global_colors_info=&#8220;{}&#8220; custom_padding__hover=&#8220;|||&#8220;][et_pb_wc_images _builder_version=&#8220;4.27.4&#8243; global_colors_info=&#8220;{}&#8220;][\/et_pb_wc_images][\/et_pb_column][et_pb_column type=&#8220;1_2&#8243; _builder_version=&#8220;4.16&#8243; custom_padding=&#8220;|||&#8220; global_colors_info=&#8220;{}&#8220; custom_padding__hover=&#8220;|||&#8220;][et_pb_wc_title _builder_version=&#8220;4.27.4&#8243; global_colors_info=&#8220;{}&#8220;][\/et_pb_wc_title][et_pb_wc_rating _builder_version=&#8220;4.16&#8243; global_colors_info=&#8220;{}&#8220;][\/et_pb_wc_rating][et_pb_wc_price _builder_version=&#8220;4.16&#8243; global_colors_info=&#8220;{}&#8220;][\/et_pb_wc_price][et_pb_wc_description _builder_version=&#8220;4.27.4&#8243; global_colors_info=&#8220;{}&#8220;][\/et_pb_wc_description][et_pb_wc_add_to_cart _builder_version=&#8220;4.16&#8243; global_colors_info=&#8220;{}&#8220;][\/et_pb_wc_add_to_cart][et_pb_wc_meta _builder_version=&#8220;4.16&#8243; global_colors_info=&#8220;{}&#8220;][\/et_pb_wc_meta][\/et_pb_column][\/et_pb_row][et_pb_row _builder_version=&#8220;4.16&#8243; background_size=&#8220;initial&#8220; background_position=&#8220;top_left&#8220; background_repeat=&#8220;repeat&#8220; width=&#8220;100%&#8220; global_colors_info=&#8220;{}&#8220;][et_pb_column type=&#8220;4_4&#8243; _builder_version=&#8220;4.16&#8243; custom_padding=&#8220;|||&#8220; global_colors_info=&#8220;{}&#8220; custom_padding__hover=&#8220;|||&#8220;][et_pb_wc_tabs _builder_version=&#8220;4.27.4&#8243; global_colors_info=&#8220;{}&#8220;]\t\t\t\t\t[\/et_pb_wc_tabs][et_pb_wc_upsells _builder_version=&#8220;4.16&#8243; global_colors_info=&#8220;{}&#8220;][\/et_pb_wc_upsells][et_pb_wc_related_products _builder_version=&#8220;4.16&#8243; global_colors_info=&#8220;{}&#8220;][\/et_pb_wc_related_products][\/et_pb_column][\/et_pb_row][\/et_pb_section]<\/p>\n","protected":false},"excerpt":{"rendered":"<div class=\"woocommerce-product-details__short-description\">\n<p data-start=\"242\" data-end=\"528\"><strong data-start=\"242\" data-end=\"279\">Oliven\u00f6l mit wei\u00dfem Tr\u00fcffel<\/strong> ist eine perfekte Verbindung von <strong data-start=\"296\" data-end=\"334\">extra nativem Oliven\u00f6l<\/strong> und dem unverwechselbaren Aroma des <strong data-start=\"358\" data-end=\"377\">wei\u00dfen Tr\u00fcffels<\/strong>. Dieses aromatisierte \u00d6l hebt jedes Gericht auf ein neues Niveau \u2013 <strong data-start=\"453\" data-end=\"470\">ein Teel\u00f6ffel<\/strong> gen\u00fcgt, um den vollen Genuss der <strong data-start=\"506\" data-end=\"527\">Gourmetk\u00fcche<\/strong> zu erleben. <\/p>\n<p data-start=\"530\" data-end=\"635\"><strong data-start=\"530\" data-end=\"543\">Zutaten:<\/strong> Extra natives Oliven\u00f6l, wei\u00dfes Tr\u00fcffelaroma<br data-start=\"600\" data-end=\"603\"><strong data-start=\"603\" data-end=\"617\">Verpackung:<\/strong> 100 ml und 250 ml<\/p>\n<\/div>\n<form class=\"variations_form cart\" style=\"box-sizing: inherit; -webkit-tap-highlight-color: rgba(0, 0, 0, 0); margin: 0px 0px 30px; padding: 0px; color: #545454; font-family: Radnika, -apple-system, 'system-ui', Arial, Helvetica, 'Helvetica Neue', Verdana, sans-serif; font-size: 16px; font-style: normal; font-variant-ligatures: normal; font-variant-caps: normal; font-weight: 400; letter-spacing: normal; orphans: 2; text-align: start; text-indent: 0px; text-transform: none; widows: 2; word-spacing: 0px; -webkit-text-stroke-width: 0px; white-space: normal; background-color: #ffffff; text-decoration-thickness: initial; text-decoration-style: initial; text-decoration-color: initial;\" action=\"https:\/\/tartufi-istra.com\/proizvod\/crni-ljetni-tartuf-tuber-aestivum\/\" enctype=\"multipart\/form-data\" method=\"post\" data-product_id=\"3931\" data-product_variations=\"[{\"attributes\":{\"attribute_pa_klasa\":\"15-100g\",\"attribute_pa_pakiranje\":\"1000g\"},\"availability_html\":\"\",\"backorders_allowed\":false,\"dimensions\":{\"length\":\"\",\"width\":\"\",\"height\":\"\"},\"dimensions_html\":\"N\/A\",\"display_price\":265.45,\"display_regular_price\":265.45,\"image\":{\"title\":\"crni ljetni tartufi\",\"caption\":\"\",\"url\":\"https:\/\/tartufi-istra.com\/wp-content\/uploads\/2020\/11\/crni-ljetni-tartufi.jpg\",\"alt\":\"crni ljetni tartufi\",\"src\":\"https:\/\/tartufi-istra.com\/wp-content\/uploads\/2020\/11\/crni-ljetni-tartufi-920x920.jpg\",\"srcset\":\"https:\/\/tartufi-istra.com\/wp-content\/uploads\/2020\/11\/crni-ljetni-tartufi-920x920.jpg 920w, https:\/\/tartufi-istra.com\/wp-content\/uploads\/2020\/11\/crni-ljetni-tartufi-300x300.jpg 300w, https:\/\/tartufi-istra.com\/wp-content\/uploads\/2020\/11\/crni-ljetni-tartufi-1024x1024.jpg 1024w, https:\/\/tartufi-istra.com\/wp-content\/uploads\/2020\/11\/crni-ljetni-tartufi-150x150.jpg 150w, https:\/\/tartufi-istra.com\/wp-content\/uploads\/2020\/11\/crni-ljetni-tartufi-768x768.jpg 768w, https:\/\/tartufi-istra.com\/wp-content\/uploads\/2020\/11\/crni-ljetni-tartufi-1536x1536.jpg 1536w, https:\/\/tartufi-istra.com\/wp-content\/uploads\/2020\/11\/crni-ljetni-tartufi-2048x2048.jpg 2048w, https:\/\/tartufi-istra.com\/wp-content\/uploads\/2020\/11\/crni-ljetni-tartufi-100x100.jpg 100w\",\"sizes\":\"(max-width: 920px) 100vw, 920px\",\"full_src\":\"https:\/\/tartufi-istra.com\/wp-content\/uploads\/2020\/11\/crni-ljetni-tartufi.jpg\",\"full_src_w\":2250,\"full_src_h\":2250,\"gallery_thumbnail_src\":\"https:\/\/tartufi-istra.com\/wp-content\/uploads\/2020\/11\/crni-ljetni-tartufi-150x150.jpg\",\"gallery_thumbnail_src_w\":150,\"gallery_thumbnail_src_h\":150,\"thumb_src\":\"https:\/\/tartufi-istra.com\/wp-content\/uploads\/2020\/11\/crni-ljetni-tartufi-350x435.jpg\",\"thumb_src_w\":350,\"thumb_src_h\":435,\"src_w\":920,\"src_h\":920},\"image_id\":5213,\"is_downloadable\":false,\"is_in_stock\":true,\"is_purchasable\":true,\"is_sold_individually\":\"no\",\"is_virtual\":false,\"max_qty\":\"\",\"min_qty\":1,\"price_html\":\"&lt;encoded_tag_open \/&gt;span class=\"price\"&lt;encoded_tag_closed \/&gt;&lt;encoded_tag_open \/&gt;span class=\"woocommerce-Price-amount amount\"&lt;encoded_tag_closed \/&gt;&lt;encoded_tag_open \/&gt;bdi&lt;encoded_tag_closed \/&gt;265.45&nbsp;&lt;encoded_tag_open \/&gt;span class=\"woocommerce-Price-currencySymbol\"&lt;encoded_tag_closed \/&gt;\u20ac&lt;encoded_tag_open \/&gt;\/span&lt;encoded_tag_closed \/&gt;&lt;encoded_tag_open \/&gt;\/bdi&lt;encoded_tag_closed \/&gt;&lt;encoded_tag_open \/&gt;\/span&lt;encoded_tag_closed \/&gt;&lt;encoded_tag_open \/&gt;\/span&lt;encoded_tag_closed \/&gt;\",\"sku\":\"\",\"variation_description\":\"\",\"variation_id\":4354,\"variation_is_active\":true,\"variation_is_visible\":true,\"weight\":\"\",\"weight_html\":\"N\/A\",\"display_price_cents\":26545},{\"attributes\":{\"attribute_pa_klasa\":\"15-100g\",\"attribute_pa_pakiranje\":\"100g\"},\"availability_html\":\"\",\"backorders_allowed\":false,\"dimensions\":{\"length\":\"\",\"width\":\"\",\"height\":\"\"},\"dimensions_html\":\"N\/A\",\"display_price\":39.82,\"display_regular_price\":39.82,\"image\":{\"title\":\"crni ljetni tartufi\",\"caption\":\"\",\"url\":\"https:\/\/tartufi-istra.com\/wp-content\/uploads\/2020\/11\/crni-ljetni-tartufi.jpg\",\"alt\":\"crni ljetni tartufi\",\"src\":\"https:\/\/tartufi-istra.com\/wp-content\/uploads\/2020\/11\/crni-ljetni-tartufi-920x920.jpg\",\"srcset\":\"https:\/\/tartufi-istra.com\/wp-content\/uploads\/2020\/11\/crni-ljetni-tartufi-920x920.jpg 920w, https:\/\/tartufi-istra.com\/wp-content\/uploads\/2020\/11\/crni-ljetni-tartufi-300x300.jpg 300w, https:\/\/tartufi-istra.com\/wp-content\/uploads\/2020\/11\/crni-ljetni-tartufi-1024x1024.jpg 1024w, https:\/\/tartufi-istra.com\/wp-content\/uploads\/2020\/11\/crni-ljetni-tartufi-150x150.jpg 150w, https:\/\/tartufi-istra.com\/wp-content\/uploads\/2020\/11\/crni-ljetni-tartufi-768x768.jpg 768w, https:\/\/tartufi-istra.com\/wp-content\/uploads\/2020\/11\/crni-ljetni-tartufi-1536x1536.jpg 1536w, https:\/\/tartufi-istra.com\/wp-content\/uploads\/2020\/11\/crni-ljetni-tartufi-2048x2048.jpg 2048w, https:\/\/tartufi-istra.com\/wp-content\/uploads\/2020\/11\/crni-ljetni-tartufi-100x100.jpg 100w\",\"sizes\":\"(max-width: 920px) 100vw, 920px\",\"full_src\":\"https:\/\/tartufi-istra.com\/wp-content\/uploads\/2020\/11\/crni-ljetni-tartufi.jpg\",\"full_src_w\":2250,\"full_src_h\":2250,\"gallery_thumbnail_src\":\"https:\/\/tartufi-istra.com\/wp-content\/uploads\/2020\/11\/crni-ljetni-tartufi-150x150.jpg\",\"gallery_thumbnail_src_w\":150,\"gallery_thumbnail_src_h\":150,\"thumb_src\":\"https:\/\/tartufi-istra.com\/wp-content\/uploads\/2020\/11\/crni-ljetni-tartufi-350x435.jpg\",\"thumb_src_w\":350,\"thumb_src_h\":435,\"src_w\":920,\"src_h\":920},\"image_id\":5213,\"is_downloadable\":false,\"is_in_stock\":true,\"is_purchasable\":true,\"is_sold_individually\":\"no\",\"is_virtual\":false,\"max_qty\":\"\",\"min_qty\":1,\"price_html\":\"&lt;encoded_tag_open \/&gt;span class=\"price\"&lt;encoded_tag_closed \/&gt;&lt;encoded_tag_open \/&gt;span class=\"woocommerce-Price-amount amount\"&lt;encoded_tag_closed \/&gt;&lt;encoded_tag_open \/&gt;bdi&lt;encoded_tag_closed \/&gt;39.82&nbsp;&lt;encoded_tag_open \/&gt;span class=\"woocommerce-Price-currencySymbol\"&lt;encoded_tag_closed \/&gt;\u20ac&lt;encoded_tag_open \/&gt;\/span&lt;encoded_tag_closed \/&gt;&lt;encoded_tag_open \/&gt;\/bdi&lt;encoded_tag_closed \/&gt;&lt;encoded_tag_open \/&gt;\/span&lt;encoded_tag_closed \/&gt;&lt;encoded_tag_open \/&gt;\/span&lt;encoded_tag_closed \/&gt;\",\"sku\":\"\",\"variation_description\":\"\",\"variation_id\":4355,\"variation_is_active\":true,\"variation_is_visible\":true,\"weight\":\"\",\"weight_html\":\"N\/A\",\"display_price_cents\":3982},{\"attributes\":{\"attribute_pa_klasa\":\"15-100g\",\"attribute_pa_pakiranje\":\"500g\"},\"availability_html\":\"\",\"backorders_allowed\":false,\"dimensions\":{\"length\":\"\",\"width\":\"\",\"height\":\"\"},\"dimensions_html\":\"N\/A\",\"display_price\":159.27,\"display_regular_price\":159.27,\"image\":{\"title\":\"crni ljetni tartufi\",\"caption\":\"\",\"url\":\"https:\/\/tartufi-istra.com\/wp-content\/uploads\/2020\/11\/crni-ljetni-tartufi.jpg\",\"alt\":\"crni ljetni tartufi\",\"src\":\"https:\/\/tartufi-istra.com\/wp-content\/uploads\/2020\/11\/crni-ljetni-tartufi-920x920.jpg\",\"srcset\":\"https:\/\/tartufi-istra.com\/wp-content\/uploads\/2020\/11\/crni-ljetni-tartufi-920x920.jpg 920w, https:\/\/tartufi-istra.com\/wp-content\/uploads\/2020\/11\/crni-ljetni-tartufi-300x300.jpg 300w, https:\/\/tartufi-istra.com\/wp-content\/uploads\/2020\/11\/crni-ljetni-tartufi-1024x1024.jpg 1024w, https:\/\/tartufi-istra.com\/wp-content\/uploads\/2020\/11\/crni-ljetni-tartufi-150x150.jpg 150w, https:\/\/tartufi-istra.com\/wp-content\/uploads\/2020\/11\/crni-ljetni-tartufi-768x768.jpg 768w, https:\/\/tartufi-istra.com\/wp-content\/uploads\/2020\/11\/crni-ljetni-tartufi-1536x1536.jpg 1536w, https:\/\/tartufi-istra.com\/wp-content\/uploads\/2020\/11\/crni-ljetni-tartufi-2048x2048.jpg 2048w, https:\/\/tartufi-istra.com\/wp-content\/uploads\/2020\/11\/crni-ljetni-tartufi-100x100.jpg 100w\",\"sizes\":\"(max-width: 920px) 100vw, 920px\",\"full_src\":\"https:\/\/tartufi-istra.com\/wp-content\/uploads\/2020\/11\/crni-ljetni-tartufi.jpg\",\"full_src_w\":2250,\"full_src_h\":2250,\"gallery_thumbnail_src\":\"https:\/\/tartufi-istra.com\/wp-content\/uploads\/2020\/11\/crni-ljetni-tartufi-150x150.jpg\",\"gallery_thumbnail_src_w\":150,\"gallery_thumbnail_src_h\":150,\"thumb_src\":\"https:\/\/tartufi-istra.com\/wp-content\/uploads\/2020\/11\/crni-ljetni-tartufi-350x435.jpg\",\"thumb_src_w\":350,\"thumb_src_h\":435,\"src_w\":920,\"src_h\":920},\"image_id\":5213,\"is_downloadable\":false,\"is_in_stock\":true,\"is_purchasable\":true,\"is_sold_individually\":\"no\",\"is_virtual\":false,\"max_qty\":\"\",\"min_qty\":1,\"price_html\":\"&lt;encoded_tag_open \/&gt;span class=\"price\"&lt;encoded_tag_closed \/&gt;&lt;encoded_tag_open \/&gt;span class=\"woocommerce-Price-amount amount\"&lt;encoded_tag_closed \/&gt;&lt;encoded_tag_open \/&gt;bdi&lt;encoded_tag_closed \/&gt;159.27&nbsp;&lt;encoded_tag_open \/&gt;span class=\"woocommerce-Price-currencySymbol\"&lt;encoded_tag_closed \/&gt;\u20ac&lt;encoded_tag_open \/&gt;\/span&lt;encoded_tag_closed \/&gt;&lt;encoded_tag_open \/&gt;\/bdi&lt;encoded_tag_closed \/&gt;&lt;encoded_tag_open \/&gt;\/span&lt;encoded_tag_closed \/&gt;&lt;encoded_tag_open \/&gt;\/span&lt;encoded_tag_closed \/&gt;\",\"sku\":\"\",\"variation_description\":\"\",\"variation_id\":4356,\"variation_is_active\":true,\"variation_is_visible\":true,\"weight\":\"\",\"weight_html\":\"N\/A\",\"display_price_cents\":15927}]\"><\/form>\n","protected":false},"featured_media":1104,"comment_status":"open","ping_status":"closed","template":"","meta":{"_et_pb_use_builder":"on","_et_pb_old_content":"<h1 data-start=\"817\" data-end=\"903\"><strong>Oliven\u00f6l mit wei\u00dfem Tr\u00fcffel \u2013 Eine luxuri\u00f6se Gourmet-Zutat f\u00fcr exquisite Gerichte<\/strong><\/h1>\n<p data-start=\"682\" data-end=\"1039\"><strong data-start=\"682\" data-end=\"725\">Oliven\u00f6l mit wei\u00dfem Tr\u00fcffelaroma<\/strong> repr\u00e4sentiert die perfekte Balance zwischen <strong data-start=\"761\" data-end=\"787\">mediterraner Tradition<\/strong> und <strong data-start=\"790\" data-end=\"812\">kulinarischem Luxus<\/strong>. Basierend auf <strong data-start=\"827\" data-end=\"883\">hochwertigem extra nativem Oliven\u00f6l<\/strong> wird dieses aromatische \u00d6l mit dem nat\u00fcrlichen <strong data-start=\"928\" data-end=\"976\">Aroma des wei\u00dfen Tr\u00fcffels (Tuber magnatum Pico)<\/strong> angereichert \u2013 einer der gesch\u00e4tztesten Zutaten in der gehobenen K\u00fcche. <\/p>\n<p data-start=\"1041\" data-end=\"1367\">Diese einzigartige Kombination bietet einen intensiven und raffinierten Geschmack, der <strong data-start=\"1111\" data-end=\"1180\">Pasta, Risotto, Eier, Pizza, Fleisch, Fisch oder Salate veredelt<\/strong>. Nur wenige Tropfen gen\u00fcgen, um ein gew\u00f6hnliches Gericht in ein <strong data-start=\"1239\" data-end=\"1276\">unvergessliches gastronomisches Erlebnis<\/strong> zu verwandeln. Es eignet sich ideal zum Verfeinern kurz vor dem Servieren, um das volle Spektrum an Geschmack und Aroma zu erhalten.  <\/p>\n<p data-start=\"1369\" data-end=\"1612\">Es ist die perfekte Wahl f\u00fcr Tr\u00fcffelliebhaber und diejenigen, die <strong data-start=\"1432\" data-end=\"1462\">einen Hauch von Luxus und Eleganz<\/strong> in ihre allt\u00e4gliche K\u00fcche bringen m\u00f6chten. Neben seinem au\u00dfergew\u00f6hnlichen Geschmack tr\u00e4gt dieses \u00d6l auch visuell zu jedem Teller bei, sei es bei einer Restaurant-Pr\u00e4sentation oder einem Abendessen zu Hause. <\/p>\n<p data-start=\"1614\" data-end=\"1984\"><strong data-start=\"1614\" data-end=\"1651\">Oliven\u00f6l mit wei\u00dfem Tr\u00fcffel<\/strong> ist eine unverzichtbare Zutat in jeder K\u00fcche, die nach Exzellenz strebt. Probieren Sie es zu <strong data-start=\"1730\" data-end=\"1772\">istrischen K\u00e4sesorten, Bruschetta, Carpaccio<\/strong> oder als finalen Akzent auf einer <strong data-start=\"1800\" data-end=\"1832\">K\u00fcrbis- oder Pilzcremesuppe<\/strong>. Sein raffinierter Duft und das zarte, aber ausdrucksstarke Tr\u00fcffelaroma machen es bei professionellen K\u00f6chen und Feinschmeckern weltweit \u00e4u\u00dferst beliebt.  <\/p>\n\n\n<hr data-start=\"1986\" data-end=\"1989\">\n<p data-start=\"1991\" data-end=\"2098\"><strong data-start=\"1991\" data-end=\"2004\">Zutaten:<\/strong> Extra natives Oliven\u00f6l, wei\u00dfes Tr\u00fcffelaroma<br data-start=\"2063\" data-end=\"2066\"><strong data-start=\"2066\" data-end=\"2080\">Verpackung:<\/strong> 100 ml und 250 ml<\/p>","_et_gb_content_width":""},"product_brand":[],"product_cat":[56],"product_tag":[],"class_list":{"0":"post-2151","1":"product","2":"type-product","3":"status-publish","4":"has-post-thumbnail","6":"product_cat-truffelprodukte","8":"first","9":"instock","10":"sale","11":"shipping-taxable","12":"purchasable","13":"product-type-variable"},"aioseo_notices":[],"_links":{"self":[{"href":"https:\/\/tartufi-istra.com\/de\/wp-json\/wp\/v2\/product\/2151","targetHints":{"allow":["GET"]}}],"collection":[{"href":"https:\/\/tartufi-istra.com\/de\/wp-json\/wp\/v2\/product"}],"about":[{"href":"https:\/\/tartufi-istra.com\/de\/wp-json\/wp\/v2\/types\/product"}],"replies":[{"embeddable":true,"href":"https:\/\/tartufi-istra.com\/de\/wp-json\/wp\/v2\/comments?post=2151"}],"wp:featuredmedia":[{"embeddable":true,"href":"https:\/\/tartufi-istra.com\/de\/wp-json\/wp\/v2\/media\/1104"}],"wp:attachment":[{"href":"https:\/\/tartufi-istra.com\/de\/wp-json\/wp\/v2\/media?parent=2151"}],"wp:term":[{"taxonomy":"product_brand","embeddable":true,"href":"https:\/\/tartufi-istra.com\/de\/wp-json\/wp\/v2\/product_brand?post=2151"},{"taxonomy":"product_cat","embeddable":true,"href":"https:\/\/tartufi-istra.com\/de\/wp-json\/wp\/v2\/product_cat?post=2151"},{"taxonomy":"product_tag","embeddable":true,"href":"https:\/\/tartufi-istra.com\/de\/wp-json\/wp\/v2\/product_tag?post=2151"}],"curies":[{"name":"wp","href":"https:\/\/api.w.org\/{rel}","templated":true}]}}