{"id":2074,"date":"2025-06-17T07:48:06","date_gmt":"2025-06-17T07:48:06","guid":{"rendered":"https:\/\/tartufi-istra.com\/proizvodi\/uncategorized\/gift-package-porec\/"},"modified":"2025-11-17T09:46:09","modified_gmt":"2025-11-17T09:46:09","slug":"gift-package-porec","status":"publish","type":"product","link":"https:\/\/tartufi-istra.com\/en\/web-shop\/gift-packages\/gift-package-porec\/","title":{"rendered":"Gift Package \u201cPore\u010d\u201d"},"content":{"rendered":"<p>[et_pb_section fb_built=&#8221;1&#8243; _builder_version=&#8221;4.16&#8243; custom_padding=&#8221;0px||||false|false&#8221; global_colors_info=&#8221;{}&#8221;][et_pb_row _builder_version=&#8221;4.16&#8243; background_size=&#8221;initial&#8221; background_position=&#8221;top_left&#8221; background_repeat=&#8221;repeat&#8221; width=&#8221;100%&#8221; custom_padding=&#8221;0px||0px||false|false&#8221; global_colors_info=&#8221;{}&#8221;][et_pb_column type=&#8221;4_4&#8243; _builder_version=&#8221;4.16&#8243; custom_padding=&#8221;|||&#8221; global_colors_info=&#8221;{}&#8221; custom_padding__hover=&#8221;|||&#8221;][et_pb_wc_breadcrumb _builder_version=&#8221;4.16&#8243; global_colors_info=&#8221;{}&#8221;][\/et_pb_wc_breadcrumb][et_pb_wc_cart_notice _builder_version=&#8221;4.16&#8243; global_colors_info=&#8221;{}&#8221;][\/et_pb_wc_cart_notice][\/et_pb_column][\/et_pb_row][et_pb_row column_structure=&#8221;1_2,1_2&#8243; _builder_version=&#8221;4.16&#8243; background_size=&#8221;initial&#8221; background_position=&#8221;top_left&#8221; background_repeat=&#8221;repeat&#8221; width=&#8221;100%&#8221; custom_padding=&#8221;0px||||false|false&#8221; global_colors_info=&#8221;{}&#8221;][et_pb_column type=&#8221;1_2&#8243; _builder_version=&#8221;4.16&#8243; custom_padding=&#8221;|||&#8221; global_colors_info=&#8221;{}&#8221; custom_padding__hover=&#8221;|||&#8221;][et_pb_wc_images _builder_version=&#8221;4.16&#8243; global_colors_info=&#8221;{}&#8221;][\/et_pb_wc_images][\/et_pb_column][et_pb_column type=&#8221;1_2&#8243; _builder_version=&#8221;4.16&#8243; custom_padding=&#8221;|||&#8221; global_colors_info=&#8221;{}&#8221; custom_padding__hover=&#8221;|||&#8221;][et_pb_wc_title _builder_version=&#8221;4.16&#8243; global_colors_info=&#8221;{}&#8221;][\/et_pb_wc_title][et_pb_wc_rating _builder_version=&#8221;4.16&#8243; global_colors_info=&#8221;{}&#8221;][\/et_pb_wc_rating][et_pb_wc_price _builder_version=&#8221;4.16&#8243; global_colors_info=&#8221;{}&#8221;][\/et_pb_wc_price][et_pb_wc_description _builder_version=&#8221;4.16&#8243; global_colors_info=&#8221;{}&#8221;][\/et_pb_wc_description][et_pb_wc_add_to_cart _builder_version=&#8221;4.16&#8243; global_colors_info=&#8221;{}&#8221;][\/et_pb_wc_add_to_cart][et_pb_wc_meta _builder_version=&#8221;4.16&#8243; global_colors_info=&#8221;{}&#8221;][\/et_pb_wc_meta][\/et_pb_column][\/et_pb_row][et_pb_row _builder_version=&#8221;4.16&#8243; background_size=&#8221;initial&#8221; background_position=&#8221;top_left&#8221; background_repeat=&#8221;repeat&#8221; width=&#8221;100%&#8221; global_colors_info=&#8221;{}&#8221;][et_pb_column type=&#8221;4_4&#8243; _builder_version=&#8221;4.16&#8243; custom_padding=&#8221;|||&#8221; global_colors_info=&#8221;{}&#8221; custom_padding__hover=&#8221;|||&#8221;][et_pb_wc_tabs _builder_version=&#8221;4.27.4&#8243; global_colors_info=&#8221;{}&#8221;] [\/et_pb_wc_tabs][et_pb_wc_upsells _builder_version=&#8221;4.16&#8243; global_colors_info=&#8221;{}&#8221;][\/et_pb_wc_upsells][et_pb_wc_related_products _builder_version=&#8221;4.16&#8243; global_colors_info=&#8221;{}&#8221;][\/et_pb_wc_related_products][\/et_pb_column][\/et_pb_row][\/et_pb_section]<\/p>\n","protected":false},"excerpt":{"rendered":"<h5 data-start=\"109\" data-end=\"631\"><strong>The \u201cPore\u010d\u201d Gift Package Contains Premium Delicacies from Istria:<\/strong><\/h5>\n<ul>\n<li>Truffle salami 240g<\/li>\n<li>Whole black truffle 25g<\/li>\n<li>Olive oil with white truffle 100ml<\/li>\n<li>Honey preparation with white truffle 120g<\/li>\n<li>Tartufata 80g<\/li>\n<\/ul>\n","protected":false},"featured_media":1135,"comment_status":"open","ping_status":"closed","template":"","meta":{"_et_pb_use_builder":"on","_et_pb_old_content":"<div class=\"product_summary_middle\">\r\n<h1 data-start=\"172\" data-end=\"248\"><strong>Poklon paket \"PORE\u010c\" \u2013 Bogatstvo istarskih tartufarskih delicija na jednom mjestu<\/strong><\/h1>\r\n<p data-start=\"495\" data-end=\"741\">Poklon paket \"PORE\u010c\" okuplja najfinije istarske proizvode s tartufima, idealne za stvaranje pravog gurmanskog do\u017eivljaja kod ku\u0107e. Ovaj luksuzni set nudi raznovrsne delikatese koje spajaju tradiciju, vrhunsku kvalitetu i neodoljive okuse tartufa.<\/p>\r\n<p data-start=\"743\" data-end=\"758\">Sadr\u017eaj paketa:<\/p>\r\n\r\n<ul data-start=\"760\" data-end=\"1668\">\r\n \t<li data-start=\"760\" data-end=\"937\">\r\n<p data-start=\"762\" data-end=\"937\"><strong data-start=\"762\" data-end=\"793\">Salamin s tartufima (240g):<\/strong> suhomesnata delicija od svinjskog mesa s dodatkom crnih tartufa (Tuber aestivum Vitt.) 3%, savr\u0161ena uz sireve, maslinovo ulje i \u010da\u0161u malvazije.<\/p>\r\n<\/li>\r\n \t<li data-start=\"938\" data-end=\"1149\">\r\n<p data-start=\"940\" data-end=\"1149\"><strong data-start=\"940\" data-end=\"986\">Maslinovo ulje s bijelim tartufom (100ml):<\/strong> ekstra djevi\u010dansko maslinovo ulje oboga\u0107eno aromom bijelog tartufa pru\u017ea eleganciju svakom jelu, bilo da ga koristite za za\u010dinjavanje tjestenine, ri\u017eota ili mesa.<\/p>\r\n<\/li>\r\n \t<li data-start=\"1150\" data-end=\"1320\">\r\n<p data-start=\"1152\" data-end=\"1320\"><strong data-start=\"1152\" data-end=\"1198\">Medni pripravak s bijelim tartufom (120g):<\/strong> spoj doma\u0107eg bagremovog meda i bijelog tartufa (Tuber Magnatum Pico) 2% savr\u0161en je uz sireve, ora\u0161aste plodove i deserte.<\/p>\r\n<\/li>\r\n \t<li data-start=\"1321\" data-end=\"1505\">\r\n<p data-start=\"1323\" data-end=\"1505\"><strong data-start=\"1323\" data-end=\"1352\">Cijeli crni tartuf (25g):<\/strong> autenti\u010dan crni tartuf (Tuber aestivum Vitt.) spreman za ribanje direktno na tjestenine, jaja, mesna jela ili predjela, pru\u017eaju\u0107i jelu neponovivu aromu.<\/p>\r\n<\/li>\r\n \t<li data-start=\"1506\" data-end=\"1668\">\r\n<p data-start=\"1508\" data-end=\"1668\"><strong data-start=\"1508\" data-end=\"1536\">Tartufata (80g):<\/strong> Idealan je dodatak za tjesteninu, ri\u017eoto, mesna jela ili jednostavno kao namaz na prepe\u010denac.<\/p>\r\n<\/li>\r\n<\/ul>\r\n<p data-start=\"1670\" data-end=\"1940\">Poklon paket \"PORE\u010c\" predstavlja idealan izbor za sve prave gurmane i ljubitelje tartufa, bilo kao poklon za posebne prilike, poslovne partnere ili vlastiti u\u017eitak u vrhunskim delicijama. Svaki proizvod u paketu nosi pe\u010dat istarske tradicije i autenti\u010dnog okusa prirode.<\/p>\r\n<p data-start=\"1942\" data-end=\"1976\"><strong data-start=\"1942\" data-end=\"1956\">Pakiranje:<\/strong> 1 set (5 proizvoda)<\/p>\r\n\r\n<\/div>","_et_gb_content_width":""},"product_brand":[],"product_cat":[52],"product_tag":[],"class_list":{"0":"post-2074","1":"product","2":"type-product","3":"status-publish","4":"has-post-thumbnail","6":"product_cat-gift-packages","8":"first","9":"instock","10":"sale","11":"shipping-taxable","12":"purchasable","13":"product-type-simple"},"aioseo_notices":[],"_links":{"self":[{"href":"https:\/\/tartufi-istra.com\/en\/wp-json\/wp\/v2\/product\/2074","targetHints":{"allow":["GET"]}}],"collection":[{"href":"https:\/\/tartufi-istra.com\/en\/wp-json\/wp\/v2\/product"}],"about":[{"href":"https:\/\/tartufi-istra.com\/en\/wp-json\/wp\/v2\/types\/product"}],"replies":[{"embeddable":true,"href":"https:\/\/tartufi-istra.com\/en\/wp-json\/wp\/v2\/comments?post=2074"}],"wp:featuredmedia":[{"embeddable":true,"href":"https:\/\/tartufi-istra.com\/en\/wp-json\/wp\/v2\/media\/1135"}],"wp:attachment":[{"href":"https:\/\/tartufi-istra.com\/en\/wp-json\/wp\/v2\/media?parent=2074"}],"wp:term":[{"taxonomy":"product_brand","embeddable":true,"href":"https:\/\/tartufi-istra.com\/en\/wp-json\/wp\/v2\/product_brand?post=2074"},{"taxonomy":"product_cat","embeddable":true,"href":"https:\/\/tartufi-istra.com\/en\/wp-json\/wp\/v2\/product_cat?post=2074"},{"taxonomy":"product_tag","embeddable":true,"href":"https:\/\/tartufi-istra.com\/en\/wp-json\/wp\/v2\/product_tag?post=2074"}],"curies":[{"name":"wp","href":"https:\/\/api.w.org\/{rel}","templated":true}]}}