{"id":2109,"date":"2025-06-10T10:44:10","date_gmt":"2025-06-10T10:44:10","guid":{"rendered":"https:\/\/tartufi-istra.com\/proizvodi\/uncategorized\/black-autumn-truffle-tuber-uncinatum\/"},"modified":"2026-01-06T12:29:03","modified_gmt":"2026-01-06T12:29:03","slug":"black-autumn-truffle-tuber-uncinatum","status":"publish","type":"product","link":"https:\/\/tartufi-istra.com\/en\/web-shop\/fresh-truffles\/black-autumn-truffle-tuber-uncinatum\/","title":{"rendered":"Black Autumn Truffle \u2013 Tuber Uncinatum"},"content":{"rendered":"<p>[et_pb_section fb_built=&#8221;1&#8243; _builder_version=&#8221;4.16&#8243; custom_padding=&#8221;0px||||false|false&#8221; global_colors_info=&#8221;{}&#8221;][et_pb_row _builder_version=&#8221;4.16&#8243; background_size=&#8221;initial&#8221; background_position=&#8221;top_left&#8221; background_repeat=&#8221;repeat&#8221; width=&#8221;100%&#8221; custom_padding=&#8221;0px||0px||false|false&#8221; global_colors_info=&#8221;{}&#8221;][et_pb_column type=&#8221;4_4&#8243; _builder_version=&#8221;4.16&#8243; custom_padding=&#8221;|||&#8221; global_colors_info=&#8221;{}&#8221; custom_padding__hover=&#8221;|||&#8221;][et_pb_wc_breadcrumb _builder_version=&#8221;4.16&#8243; global_colors_info=&#8221;{}&#8221;][\/et_pb_wc_breadcrumb][et_pb_wc_cart_notice _builder_version=&#8221;4.27.4&#8243; global_colors_info=&#8221;{}&#8221;][\/et_pb_wc_cart_notice][\/et_pb_column][\/et_pb_row][et_pb_row column_structure=&#8221;1_2,1_2&#8243; _builder_version=&#8221;4.16&#8243; background_size=&#8221;initial&#8221; background_position=&#8221;top_left&#8221; background_repeat=&#8221;repeat&#8221; width=&#8221;100%&#8221; custom_padding=&#8221;0px||||false|false&#8221; global_colors_info=&#8221;{}&#8221;][et_pb_column type=&#8221;1_2&#8243; _builder_version=&#8221;4.16&#8243; custom_padding=&#8221;|||&#8221; global_colors_info=&#8221;{}&#8221; custom_padding__hover=&#8221;|||&#8221;][et_pb_wc_images _builder_version=&#8221;4.27.4&#8243; global_colors_info=&#8221;{}&#8221;][\/et_pb_wc_images][\/et_pb_column][et_pb_column type=&#8221;1_2&#8243; _builder_version=&#8221;4.16&#8243; custom_padding=&#8221;|||&#8221; global_colors_info=&#8221;{}&#8221; custom_padding__hover=&#8221;|||&#8221;][et_pb_wc_title _builder_version=&#8221;4.27.4&#8243; global_colors_info=&#8221;{}&#8221;][\/et_pb_wc_title][et_pb_wc_rating _builder_version=&#8221;4.16&#8243; global_colors_info=&#8221;{}&#8221;][\/et_pb_wc_rating][et_pb_wc_price _builder_version=&#8221;4.16&#8243; global_colors_info=&#8221;{}&#8221;][\/et_pb_wc_price][et_pb_wc_description _builder_version=&#8221;4.27.4&#8243; global_colors_info=&#8221;{}&#8221;][\/et_pb_wc_description][et_pb_wc_add_to_cart _builder_version=&#8221;4.16&#8243; global_colors_info=&#8221;{}&#8221;][\/et_pb_wc_add_to_cart][et_pb_wc_meta _builder_version=&#8221;4.16&#8243; global_colors_info=&#8221;{}&#8221;][\/et_pb_wc_meta][\/et_pb_column][\/et_pb_row][et_pb_row _builder_version=&#8221;4.16&#8243; background_size=&#8221;initial&#8221; background_position=&#8221;top_left&#8221; background_repeat=&#8221;repeat&#8221; width=&#8221;100%&#8221; global_colors_info=&#8221;{}&#8221;][et_pb_column type=&#8221;4_4&#8243; _builder_version=&#8221;4.16&#8243; custom_padding=&#8221;|||&#8221; global_colors_info=&#8221;{}&#8221; custom_padding__hover=&#8221;|||&#8221;][et_pb_wc_tabs _builder_version=&#8221;4.27.4&#8243; global_colors_info=&#8221;{}&#8221;]\t\t\t\t\t[\/et_pb_wc_tabs][et_pb_wc_upsells _builder_version=&#8221;4.16&#8243; global_colors_info=&#8221;{}&#8221;][\/et_pb_wc_upsells][et_pb_wc_related_products _builder_version=&#8221;4.16&#8243; global_colors_info=&#8221;{}&#8221;][\/et_pb_wc_related_products][\/et_pb_column][\/et_pb_row][\/et_pb_section]<\/p>\n","protected":false},"excerpt":{"rendered":"<div class=\"woocommerce-product-details__short-description\">\n<p><strong>Black Autumn Truffle (Tuber Uncinatum)<\/strong> &#8211; <strong>the most widespread truffle in Istria<\/strong> during the autumn months. Although its aroma is milder than that of the winter truffle, its <g id=\"gid_2\">delicate, earthy flavor<\/g> with hazelnut notes makes it extremely popular in culinary arts. You can use it <g id=\"gid_3\">fresh, grated over finished dishes<\/g>, or <g id=\"gid_4\">lightly heat it<\/g> for a more intense flavor and aroma profile. Bring an <strong>authentic autumn touch of Istria<\/strong> to your culinary creations!   <\/p>\n<\/div>\n<form class=\"variations_form cart\" style=\"box-sizing: inherit; -webkit-tap-highlight-color: rgba(0, 0, 0, 0); margin: 0px 0px 30px; padding: 0px; color: #545454; font-family: Radnika, -apple-system, 'system-ui', Arial, Helvetica, 'Helvetica Neue', Verdana, sans-serif; font-size: 16px; font-style: normal; font-variant-ligatures: normal; font-variant-caps: normal; font-weight: 400; letter-spacing: normal; orphans: 2; text-align: start; text-indent: 0px; text-transform: none; widows: 2; word-spacing: 0px; -webkit-text-stroke-width: 0px; white-space: normal; background-color: #ffffff; text-decoration-thickness: initial; text-decoration-style: initial; text-decoration-color: initial;\" action=\"https:\/\/tartufi-istra.com\/proizvod\/crni-ljetni-tartuf-tuber-aestivum\/\" enctype=\"multipart\/form-data\" method=\"post\" data-product_id=\"3931\" data-product_variations=\"[{\"attributes\":{\"attribute_pa_klasa\":\"15-100g\",\"attribute_pa_pakiranje\":\"1000g\"},\"availability_html\":\"\",\"backorders_allowed\":false,\"dimensions\":{\"length\":\"\",\"width\":\"\",\"height\":\"\"},\"dimensions_html\":\"N\/A\",\"display_price\":265.45,\"display_regular_price\":265.45,\"image\":{\"title\":\"crni ljetni tartufi\",\"caption\":\"\",\"url\":\"https:\/\/tartufi-istra.com\/wp-content\/uploads\/2020\/11\/crni-ljetni-tartufi.jpg\",\"alt\":\"crni ljetni tartufi\",\"src\":\"https:\/\/tartufi-istra.com\/wp-content\/uploads\/2020\/11\/crni-ljetni-tartufi-920x920.jpg\",\"srcset\":\"https:\/\/tartufi-istra.com\/wp-content\/uploads\/2020\/11\/crni-ljetni-tartufi-920x920.jpg 920w, https:\/\/tartufi-istra.com\/wp-content\/uploads\/2020\/11\/crni-ljetni-tartufi-300x300.jpg 300w, https:\/\/tartufi-istra.com\/wp-content\/uploads\/2020\/11\/crni-ljetni-tartufi-1024x1024.jpg 1024w, https:\/\/tartufi-istra.com\/wp-content\/uploads\/2020\/11\/crni-ljetni-tartufi-150x150.jpg 150w, https:\/\/tartufi-istra.com\/wp-content\/uploads\/2020\/11\/crni-ljetni-tartufi-768x768.jpg 768w, https:\/\/tartufi-istra.com\/wp-content\/uploads\/2020\/11\/crni-ljetni-tartufi-1536x1536.jpg 1536w, https:\/\/tartufi-istra.com\/wp-content\/uploads\/2020\/11\/crni-ljetni-tartufi-2048x2048.jpg 2048w, https:\/\/tartufi-istra.com\/wp-content\/uploads\/2020\/11\/crni-ljetni-tartufi-100x100.jpg 100w\",\"sizes\":\"(max-width: 920px) 100vw, 920px\",\"full_src\":\"https:\/\/tartufi-istra.com\/wp-content\/uploads\/2020\/11\/crni-ljetni-tartufi.jpg\",\"full_src_w\":2250,\"full_src_h\":2250,\"gallery_thumbnail_src\":\"https:\/\/tartufi-istra.com\/wp-content\/uploads\/2020\/11\/crni-ljetni-tartufi-150x150.jpg\",\"gallery_thumbnail_src_w\":150,\"gallery_thumbnail_src_h\":150,\"thumb_src\":\"https:\/\/tartufi-istra.com\/wp-content\/uploads\/2020\/11\/crni-ljetni-tartufi-350x435.jpg\",\"thumb_src_w\":350,\"thumb_src_h\":435,\"src_w\":920,\"src_h\":920},\"image_id\":5213,\"is_downloadable\":false,\"is_in_stock\":true,\"is_purchasable\":true,\"is_sold_individually\":\"no\",\"is_virtual\":false,\"max_qty\":\"\",\"min_qty\":1,\"price_html\":\"&lt;span class=\"price\"&gt;&lt;span class=\"woocommerce-Price-amount amount\"&gt;&lt;bdi&gt;265.45&nbsp;&lt;span class=\"woocommerce-Price-currencySymbol\"&gt;\u20ac&lt;\/span&gt;&lt;\/bdi&gt;&lt;\/span&gt;&lt;\/span&gt;\",\"sku\":\"\",\"variation_description\":\"\",\"variation_id\":4354,\"variation_is_active\":true,\"variation_is_visible\":true,\"weight\":\"\",\"weight_html\":\"N\/A\",\"display_price_cents\":26545},{\"attributes\":{\"attribute_pa_klasa\":\"15-100g\",\"attribute_pa_pakiranje\":\"100g\"},\"availability_html\":\"\",\"backorders_allowed\":false,\"dimensions\":{\"length\":\"\",\"width\":\"\",\"height\":\"\"},\"dimensions_html\":\"N\/A\",\"display_price\":39.82,\"display_regular_price\":39.82,\"image\":{\"title\":\"crni ljetni tartufi\",\"caption\":\"\",\"url\":\"https:\/\/tartufi-istra.com\/wp-content\/uploads\/2020\/11\/crni-ljetni-tartufi.jpg\",\"alt\":\"crni ljetni tartufi\",\"src\":\"https:\/\/tartufi-istra.com\/wp-content\/uploads\/2020\/11\/crni-ljetni-tartufi-920x920.jpg\",\"srcset\":\"https:\/\/tartufi-istra.com\/wp-content\/uploads\/2020\/11\/crni-ljetni-tartufi-920x920.jpg 920w, https:\/\/tartufi-istra.com\/wp-content\/uploads\/2020\/11\/crni-ljetni-tartufi-300x300.jpg 300w, https:\/\/tartufi-istra.com\/wp-content\/uploads\/2020\/11\/crni-ljetni-tartufi-1024x1024.jpg 1024w, https:\/\/tartufi-istra.com\/wp-content\/uploads\/2020\/11\/crni-ljetni-tartufi-150x150.jpg 150w, https:\/\/tartufi-istra.com\/wp-content\/uploads\/2020\/11\/crni-ljetni-tartufi-768x768.jpg 768w, https:\/\/tartufi-istra.com\/wp-content\/uploads\/2020\/11\/crni-ljetni-tartufi-1536x1536.jpg 1536w, https:\/\/tartufi-istra.com\/wp-content\/uploads\/2020\/11\/crni-ljetni-tartufi-2048x2048.jpg 2048w, https:\/\/tartufi-istra.com\/wp-content\/uploads\/2020\/11\/crni-ljetni-tartufi-100x100.jpg 100w\",\"sizes\":\"(max-width: 920px) 100vw, 920px\",\"full_src\":\"https:\/\/tartufi-istra.com\/wp-content\/uploads\/2020\/11\/crni-ljetni-tartufi.jpg\",\"full_src_w\":2250,\"full_src_h\":2250,\"gallery_thumbnail_src\":\"https:\/\/tartufi-istra.com\/wp-content\/uploads\/2020\/11\/crni-ljetni-tartufi-150x150.jpg\",\"gallery_thumbnail_src_w\":150,\"gallery_thumbnail_src_h\":150,\"thumb_src\":\"https:\/\/tartufi-istra.com\/wp-content\/uploads\/2020\/11\/crni-ljetni-tartufi-350x435.jpg\",\"thumb_src_w\":350,\"thumb_src_h\":435,\"src_w\":920,\"src_h\":920},\"image_id\":5213,\"is_downloadable\":false,\"is_in_stock\":true,\"is_purchasable\":true,\"is_sold_individually\":\"no\",\"is_virtual\":false,\"max_qty\":\"\",\"min_qty\":1,\"price_html\":\"&lt;span class=\"price\"&gt;&lt;span class=\"woocommerce-Price-amount amount\"&gt;&lt;bdi&gt;39.82&nbsp;&lt;span class=\"woocommerce-Price-currencySymbol\"&gt;\u20ac&lt;\/span&gt;&lt;\/bdi&gt;&lt;\/span&gt;&lt;\/span&gt;\",\"sku\":\"\",\"variation_description\":\"\",\"variation_id\":4355,\"variation_is_active\":true,\"variation_is_visible\":true,\"weight\":\"\",\"weight_html\":\"N\/A\",\"display_price_cents\":3982},{\"attributes\":{\"attribute_pa_klasa\":\"15-100g\",\"attribute_pa_pakiranje\":\"500g\"},\"availability_html\":\"\",\"backorders_allowed\":false,\"dimensions\":{\"length\":\"\",\"width\":\"\",\"height\":\"\"},\"dimensions_html\":\"N\/A\",\"display_price\":159.27,\"display_regular_price\":159.27,\"image\":{\"title\":\"crni ljetni tartufi\",\"caption\":\"\",\"url\":\"https:\/\/tartufi-istra.com\/wp-content\/uploads\/2020\/11\/crni-ljetni-tartufi.jpg\",\"alt\":\"crni ljetni tartufi\",\"src\":\"https:\/\/tartufi-istra.com\/wp-content\/uploads\/2020\/11\/crni-ljetni-tartufi-920x920.jpg\",\"srcset\":\"https:\/\/tartufi-istra.com\/wp-content\/uploads\/2020\/11\/crni-ljetni-tartufi-920x920.jpg 920w, https:\/\/tartufi-istra.com\/wp-content\/uploads\/2020\/11\/crni-ljetni-tartufi-300x300.jpg 300w, https:\/\/tartufi-istra.com\/wp-content\/uploads\/2020\/11\/crni-ljetni-tartufi-1024x1024.jpg 1024w, https:\/\/tartufi-istra.com\/wp-content\/uploads\/2020\/11\/crni-ljetni-tartufi-150x150.jpg 150w, https:\/\/tartufi-istra.com\/wp-content\/uploads\/2020\/11\/crni-ljetni-tartufi-768x768.jpg 768w, https:\/\/tartufi-istra.com\/wp-content\/uploads\/2020\/11\/crni-ljetni-tartufi-1536x1536.jpg 1536w, https:\/\/tartufi-istra.com\/wp-content\/uploads\/2020\/11\/crni-ljetni-tartufi-2048x2048.jpg 2048w, https:\/\/tartufi-istra.com\/wp-content\/uploads\/2020\/11\/crni-ljetni-tartufi-100x100.jpg 100w\",\"sizes\":\"(max-width: 920px) 100vw, 920px\",\"full_src\":\"https:\/\/tartufi-istra.com\/wp-content\/uploads\/2020\/11\/crni-ljetni-tartufi.jpg\",\"full_src_w\":2250,\"full_src_h\":2250,\"gallery_thumbnail_src\":\"https:\/\/tartufi-istra.com\/wp-content\/uploads\/2020\/11\/crni-ljetni-tartufi-150x150.jpg\",\"gallery_thumbnail_src_w\":150,\"gallery_thumbnail_src_h\":150,\"thumb_src\":\"https:\/\/tartufi-istra.com\/wp-content\/uploads\/2020\/11\/crni-ljetni-tartufi-350x435.jpg\",\"thumb_src_w\":350,\"thumb_src_h\":435,\"src_w\":920,\"src_h\":920},\"image_id\":5213,\"is_downloadable\":false,\"is_in_stock\":true,\"is_purchasable\":true,\"is_sold_individually\":\"no\",\"is_virtual\":false,\"max_qty\":\"\",\"min_qty\":1,\"price_html\":\"&lt;span class=\"price\"&gt;&lt;span class=\"woocommerce-Price-amount amount\"&gt;&lt;bdi&gt;159.27&nbsp;&lt;span class=\"woocommerce-Price-currencySymbol\"&gt;\u20ac&lt;\/span&gt;&lt;\/bdi&gt;&lt;\/span&gt;&lt;\/span&gt;\",\"sku\":\"\",\"variation_description\":\"\",\"variation_id\":4356,\"variation_is_active\":true,\"variation_is_visible\":true,\"weight\":\"\",\"weight_html\":\"N\/A\",\"display_price_cents\":15927}]\"><\/form>\n","protected":false},"featured_media":1077,"comment_status":"open","ping_status":"closed","template":"","meta":{"_et_pb_use_builder":"on","_et_pb_old_content":"<h1 data-sourcepos=\"19:1-19:340\"><strong>Crni jesenji tartuf \u2013 Tuber Uncinatum<\/strong><\/h1>\r\n<p data-sourcepos=\"19:1-19:340\">Uronite u jesenske \u010dari <strong>istarske gastronomije<\/strong> s na\u0161im <strong>Crnim jesenjim tartufom (Tuber Uncinatum)<\/strong>. Ova cijenjena podzemna gljiva, bliski srodnik ljetnog tartufa, ali s <strong>karakteristi\u010dnim jesenskim mirisom i okusom<\/strong>, najrasprostranjenija je i najdostupnija delicija koja oboga\u0107uje stolove diljem svijeta tijekom <strong>jesenskih mjeseci<\/strong>.<\/p>\r\n<p data-sourcepos=\"21:1-21:480\"><strong>Specifi\u010dnost i porijeklo:<\/strong> <strong>Tuber Uncinatum<\/strong> odlikuje se tamnijom, hrapavom vanj\u0161tinom i unutarnjim mesom koje varira od svijetlosme\u0111e do \u010dokoladne boje, pro\u0161aranog jasnim bijelim venama. Razlikuje se od Tuber Aestivum po <strong>intenzivnijoj aromi i okusu<\/strong>, koji se opisuje kao kombinacija zemljanih tonova, lje\u0161njaka, gljiva i vla\u017enog li\u0161\u0107a. Raste u simbiozi s korijenjem hrasta, bukve i lje\u0161njaka u <strong>bogatim istarskim \u0161umama<\/strong>, a njegova berba vrhunac dosti\u017ee upravo u jesen.<\/p>\r\n<p data-sourcepos=\"23:1-23:215\"><strong>Kulinarska svestranost i upotreba:<\/strong> Zahvaljuju\u0107i svojoj prilagodljivosti, <strong>Crni jesenji tartuf<\/strong> iznimno je omiljen u kuhinji. Njegova aroma najbolje dolazi do izra\u017eaja kada se koristi s mjerom i na pravi na\u010din:<\/p>\r\n\r\n<ul data-sourcepos=\"24:1-27:0\">\r\n \t<li data-sourcepos=\"24:1-24:220\"><strong>Sirovo nariban:<\/strong> Za suptilnu, ali prepoznatljivu notu, nare\u017eite ga tanko ili naribajte preko toplih jela poput <strong>tjestenine, ri\u017eota, fritaja ili carpaccia<\/strong>. Toplina jela nje\u017eno \u0107e osloboditi njegove suptilne arome.<\/li>\r\n \t<li data-sourcepos=\"25:1-25:271\"><strong>Lagano zagrijavanje:<\/strong> Kako biste poja\u010dali njegov <strong>zemljani i ora\u0161asti okus<\/strong>, Crni jesenji tartuf mo\u017eete kratko i nje\u017eno zagrijati. Dodajte ga pri kraju pripreme umacima, juhama, kremastim jelima ili ga blago pirjajte s malo <strong>ekstra djevi\u010danskog maslinovog ulja<\/strong>.<\/li>\r\n \t<li data-sourcepos=\"26:1-27:0\"><strong>Savr\u0161en spoj:<\/strong> Izvrstan je u kombinaciji s jajima, krumpirom, sirevima, mesom peradi i divlja\u010di, te kao luksuzan dodatak sendvi\u010dima ili bruschettama.<\/li>\r\n<\/ul>\r\n<p data-sourcepos=\"28:1-28:43\"><strong>Za\u0161to odabrati na\u0161 Crni jesenji tartuf?<\/strong><\/p>\r\n\r\n<ul data-sourcepos=\"29:1-35:0\">\r\n \t<li data-sourcepos=\"29:1-29:83\"><strong>Autenti\u010dna jesenska delicija:<\/strong> Pravi predstavnik istarskih \u0161uma u srcu jeseni.<\/li>\r\n \t<li data-sourcepos=\"30:1-30:81\"><strong>Ugodna aroma:<\/strong> Delikatan, ali prepoznatljiv miris i okus s notama lje\u0161njaka.<\/li>\r\n \t<li data-sourcepos=\"31:1-31:108\"><strong>Svestranost u kuhinji:<\/strong> Mo\u017ee se koristiti svje\u017e, blago zagrijan, u umacima i kao dodatak raznim jelima.<\/li>\r\n \t<li data-sourcepos=\"32:1-32:79\"><strong>Pristupa\u010dna kvaliteta:<\/strong> Idealan za one koji \u017eele istra\u017eiti svijet tartufa.<\/li>\r\n \t<li data-sourcepos=\"33:1-33:75\"><strong>Porijeklo Istra:<\/strong> Garancija svje\u017eine i kvalitete direktno iz Hrvatske.<\/li>\r\n<\/ul>","_et_gb_content_width":""},"product_brand":[],"product_cat":[59],"product_tag":[],"class_list":{"0":"post-2109","1":"product","2":"type-product","3":"status-publish","4":"has-post-thumbnail","6":"product_cat-fresh-truffles","7":"product_shipping_class-fresh-truffles","9":"first","10":"outofstock","11":"sale","12":"shipping-taxable","13":"purchasable","14":"product-type-variable"},"aioseo_notices":[],"_links":{"self":[{"href":"https:\/\/tartufi-istra.com\/en\/wp-json\/wp\/v2\/product\/2109","targetHints":{"allow":["GET"]}}],"collection":[{"href":"https:\/\/tartufi-istra.com\/en\/wp-json\/wp\/v2\/product"}],"about":[{"href":"https:\/\/tartufi-istra.com\/en\/wp-json\/wp\/v2\/types\/product"}],"replies":[{"embeddable":true,"href":"https:\/\/tartufi-istra.com\/en\/wp-json\/wp\/v2\/comments?post=2109"}],"wp:featuredmedia":[{"embeddable":true,"href":"https:\/\/tartufi-istra.com\/en\/wp-json\/wp\/v2\/media\/1077"}],"wp:attachment":[{"href":"https:\/\/tartufi-istra.com\/en\/wp-json\/wp\/v2\/media?parent=2109"}],"wp:term":[{"taxonomy":"product_brand","embeddable":true,"href":"https:\/\/tartufi-istra.com\/en\/wp-json\/wp\/v2\/product_brand?post=2109"},{"taxonomy":"product_cat","embeddable":true,"href":"https:\/\/tartufi-istra.com\/en\/wp-json\/wp\/v2\/product_cat?post=2109"},{"taxonomy":"product_tag","embeddable":true,"href":"https:\/\/tartufi-istra.com\/en\/wp-json\/wp\/v2\/product_tag?post=2109"}],"curies":[{"name":"wp","href":"https:\/\/api.w.org\/{rel}","templated":true}]}}